{"id":1329,"date":"2025-05-23T10:06:04","date_gmt":"2025-05-23T08:06:04","guid":{"rendered":"https:\/\/pogo-mtech.com\/?post_type=product&#038;p=1329"},"modified":"2026-04-17T09:57:04","modified_gmt":"2026-04-17T07:57:04","slug":"predstavitev","status":"publish","type":"product","link":"https:\/\/pogo-mtech.com\/at\/product\/predstavitev\/","title":{"rendered":"FELDVORF\u00dcHRUNG"},"content":{"rendered":"<div class=\"wp-block-stackable-icon-label stk-block-icon-label stk-block stk-d643bc5\" data-block-id=\"d643bc5\">\n<div class=\"stk-row stk-inner-blocks stk-block-content\">\n<div id=\"kaj-vkljucuje-demonstracjia\" class=\"wp-block-stackable-heading stk-block-heading stk-block-heading--v2 stk-block stk-fj9g784\" data-block-id=\"fj9g784\">\n<h4 class=\"stk-block-heading__text\">Was beinhaltet die Pr\u00e4sentation?<\/h4>\n<\/div>\n<\/div>\n<\/div>\n<div class=\"wp-block-stackable-text stk-block-text stk-block stk-vcnl79z\" data-block-id=\"vcnl79z\">\n<p class=\"stk-block-text__text\">\u00b7\u00a0<strong>Pr\u00fcfung von bis zu zwei Modellen:<\/strong>\u00a0Gemeinsam mit Ihnen w\u00e4hlen wir das beste Modell f\u00fcr Ihr Gel\u00e4nde, Ihren Hang, Ihre Gr\u00f6\u00dfe und Ihre Vegetation aus.<br \/>\n\u00b7\u00a0<strong>Demonstration an Ihrem Standort<\/strong>Unser Expertenteam bringt Ihren Rasenm\u00e4her mit, bereitet ihn vor und zeigt Ihnen, wie er in der Praxis funktioniert.<br \/>\n\u00b7\u00a0<strong>Praktische Pr\u00fcfung<\/strong>Testen Sie den M\u00e4her selbst auf Ihrem Terrain - z.B. Obstgarten, Weinberg, Wiese, B\u00f6schung, Ufer, etc.<br \/>\n\u00b7\u00a0<strong>Pers\u00f6nliche Beratung und Bewertung vor Ort<\/strong>Bewertung der Komplexit\u00e4t und Empfehlungen f\u00fcr die langfristige Nutzung.<\/p>\n<\/div>\n<div class=\"wp-block-stackable-hero alignfull stk-block-hero stk-block stk-a07d5b4 stk-block-background is-style-horizontal\" data-v=\"2\" data-block-id=\"a07d5b4\">\n<div class=\"stk-block-hero__content stk-content-align stk-a07d5b4-column stk-container stk-a07d5b4-container stk--no-background stk--no-padding\">\n<div class=\"stk-block-content stk-inner-blocks stk-a07d5b4-inner-blocks\">\n<div class=\"wp-block-stackable-icon-label stk-block-icon-label stk-block stk-5b34555\" data-block-id=\"5b34555\">\n<div class=\"stk-row stk-inner-blocks stk-block-content\">\n<div id=\"prezentacije-izvajamo-po-celotni-sloveniji\" class=\"wp-block-stackable-heading stk-block-heading stk-block-heading--v2 stk-block stk-mnx3tba\" data-block-id=\"mnx3tba\">\n<div class=\"wp-block-stackable-icon-label stk-block-icon-label stk-block stk-5b34555\" data-block-id=\"5b34555\">\n<div class=\"stk-row stk-inner-blocks stk-block-content\">\n<div id=\"predstavitev-izvajamo-po-celotni-sloveniji\" class=\"wp-block-stackable-heading stk-block-heading stk-block-heading--v2 stk-block stk-4k51jv8\" data-block-id=\"4k51jv8\">\n<h4 class=\"stk-block-heading__text\">Die Pr\u00e4sentation findet in ganz Slowenien statt.<\/h4>\n<\/div>\n<\/div>\n<\/div>\n<\/div>\n<\/div>\n<\/div>\n<\/div>\n<\/div>\n<\/div>\n<p><!--more--><\/p>\n<p><strong>H\u00f6fe, Ufer, Wiesen, Obstg\u00e4rten, Weinberge...<\/strong>\u00a0- Wir zeigen Ihnen, wie Pogo M-Tech Rasenm\u00e4her\u00a0<strong>in einer Vielzahl von Umgebungen gut funktionieren<\/strong>von kleinen H\u00f6fen, wo es wichtig ist<br \/>\nPr\u00e4zision, an den Ufern, wo Sicherheit z\u00e4hlt, und auf gr\u00f6\u00dferen Fl\u00e4chen, wo Kraft und Ausdauer gefragt sind. Sie arbeiten problemlos in Obstg\u00e4rten, Weinbergen und sogar auf unebenen Waldwegen.<br \/>\n\u00b7\u00a0<strong>Berufliche und private Bereiche\u00a0<\/strong>- Ob Gro\u00dfgrundbesitzer, Landwirt, Wartungsfirma, F\u00f6rster oder Gemeindevertreter - unsere M\u00e4her sind nicht nur f\u00fcr Profis - immer mehr Privatanwender suchen nach einer L\u00f6sung, die leistungsstark, sicher und einfach zu bedienen ist. Wir stimmen unsere Pr\u00e4sentationen individuell auf jeden ab.<br \/>\n\u00b7\u00a0<strong>Steiles und schwieriges Terrain<\/strong>Die Bereiche, die Pogo M-Tech-M\u00e4her bearbeiten k\u00f6nnen. Sie wurden entwickelt, um sicher und effizient an steilen H\u00e4ngen, in \u00fcberwucherten Bereichen, auf nassem Boden und dort, wo andere M\u00e4her versagen, zu arbeiten. In einer Live-Demonstration sehen Sie, wie sie m\u00fchelos ein Gel\u00e4nde bew\u00e4ltigen, in dem das M\u00e4hen normalerweise gef\u00e4hrlich oder m\u00fchsam ist.<\/p>","protected":false},"excerpt":{"rendered":"<div class=\"wp-block-stackable-text stk-block-text stk-block stk-ilu2btc\" data-block-id=\"ilu2btc\">\n<p class=\"stk-block-text__text\"><strong>Testen Sie den Pogo M-Tech M\u00e4her auf Ihrem eigenen Terrain.<\/strong><br data-start=\"841\" data-end=\"844\" \/>Im Preis inbegriffen sind die Anreise des Teams, die Vorf\u00fchrung von 1-2 Modellen und eine pers\u00f6nliche Beratung.<\/p>\n<\/div>","protected":false},"featured_media":1248,"template":"","meta":{"_themeisle_gutenberg_block_has_review":false},"product_brand":[41],"product_cat":[59,15],"product_tag":[],"class_list":{"0":"post-1329","1":"product","2":"type-product","3":"status-publish","4":"has-post-thumbnail","6":"product_brand-pogo-m-tech","7":"product_cat-pogo-mtech","8":"product_cat-vsi","10":"first","11":"instock","12":"virtual","13":"purchasable","14":"product-type-simple"},"yoast_head":"<!-- This site is optimized with the Yoast SEO plugin v27.4 - https:\/\/yoast.com\/product\/yoast-seo-wordpress\/ -->\n<title>PREDSTAVITEV NA TERENU | Pogo M-Tech - Robotske kosilnice na daljinsko upravljanje<\/title>\n<meta name=\"robots\" content=\"index, follow, max-snippet:-1, max-image-preview:large, max-video-preview:-1\" \/>\n<link rel=\"canonical\" href=\"https:\/\/pogo-mtech.com\/at\/product\/predstavitev\/\" \/>\n<meta property=\"og:locale\" content=\"de_DE\" \/>\n<meta property=\"og:type\" content=\"article\" \/>\n<meta property=\"og:title\" content=\"PREDSTAVITEV NA TERENU | Pogo M-Tech - Robotske kosilnice na daljinsko upravljanje\" \/>\n<meta property=\"og:description\" content=\"Preizkusite Pogo M-Tech kosilnico na svojem terenu.Cena vklju\u010duje prihod ekipe, demonstracijo 1\u20132 modelov in osebno svetovanje.\" \/>\n<meta property=\"og:url\" content=\"https:\/\/pogo-mtech.com\/at\/product\/predstavitev\/\" \/>\n<meta property=\"og:site_name\" content=\"Pogo M-Tech - Robotske kosilnice na daljinsko upravljanje\" \/>\n<meta property=\"article:publisher\" content=\"https:\/\/www.facebook.com\/pogomtech\/\" \/>\n<meta property=\"article:modified_time\" content=\"2026-04-17T07:57:04+00:00\" \/>\n<meta property=\"og:image\" content=\"https:\/\/pogo-mtech.com\/wp-content\/uploads\/2025\/02\/WhatsAppova-datoteka-Slika-2025-03-24-ob-13.20.03_5c246dd9-scaled.jpg\" \/>\n\t<meta property=\"og:image:width\" content=\"1920\" \/>\n\t<meta property=\"og:image:height\" content=\"2560\" \/>\n\t<meta property=\"og:image:type\" content=\"image\/jpeg\" \/>\n<meta name=\"twitter:card\" content=\"summary_large_image\" \/>\n<meta name=\"twitter:label1\" content=\"Gesch\u00e4tzte Lesezeit\" \/>\n\t<meta name=\"twitter:data1\" content=\"2 Minuten\" \/>\n<script type=\"application\/ld+json\" class=\"yoast-schema-graph\">{\"@context\":\"https:\\\/\\\/schema.org\",\"@graph\":[{\"@type\":\"WebPage\",\"@id\":\"https:\\\/\\\/pogo-mtech.com\\\/product\\\/predstavitev\\\/\",\"url\":\"https:\\\/\\\/pogo-mtech.com\\\/product\\\/predstavitev\\\/\",\"name\":\"PREDSTAVITEV NA TERENU | Pogo M-Tech - Robotske kosilnice na daljinsko upravljanje\",\"isPartOf\":{\"@id\":\"https:\\\/\\\/pogo-mtech.com\\\/#website\"},\"primaryImageOfPage\":{\"@id\":\"https:\\\/\\\/pogo-mtech.com\\\/product\\\/predstavitev\\\/#primaryimage\"},\"image\":{\"@id\":\"https:\\\/\\\/pogo-mtech.com\\\/product\\\/predstavitev\\\/#primaryimage\"},\"thumbnailUrl\":\"https:\\\/\\\/pogo-mtech.com\\\/wp-content\\\/uploads\\\/2025\\\/02\\\/WhatsAppova-datoteka-Slika-2025-03-24-ob-13.20.03_5c246dd9-scaled.jpg\",\"datePublished\":\"2025-05-23T08:06:04+00:00\",\"dateModified\":\"2026-04-17T07:57:04+00:00\",\"breadcrumb\":{\"@id\":\"https:\\\/\\\/pogo-mtech.com\\\/product\\\/predstavitev\\\/#breadcrumb\"},\"inLanguage\":\"de-AT\",\"potentialAction\":[{\"@type\":\"ReadAction\",\"target\":[\"https:\\\/\\\/pogo-mtech.com\\\/product\\\/predstavitev\\\/\"]}]},{\"@type\":\"ImageObject\",\"inLanguage\":\"de-AT\",\"@id\":\"https:\\\/\\\/pogo-mtech.com\\\/product\\\/predstavitev\\\/#primaryimage\",\"url\":\"https:\\\/\\\/pogo-mtech.com\\\/wp-content\\\/uploads\\\/2025\\\/02\\\/WhatsAppova-datoteka-Slika-2025-03-24-ob-13.20.03_5c246dd9-scaled.jpg\",\"contentUrl\":\"https:\\\/\\\/pogo-mtech.com\\\/wp-content\\\/uploads\\\/2025\\\/02\\\/WhatsAppova-datoteka-Slika-2025-03-24-ob-13.20.03_5c246dd9-scaled.jpg\",\"width\":1920,\"height\":2560},{\"@type\":\"BreadcrumbList\",\"@id\":\"https:\\\/\\\/pogo-mtech.com\\\/product\\\/predstavitev\\\/#breadcrumb\",\"itemListElement\":[{\"@type\":\"ListItem\",\"position\":1,\"name\":\"Home\",\"item\":\"https:\\\/\\\/pogo-mtech.com\\\/\"},{\"@type\":\"ListItem\",\"position\":2,\"name\":\"ROBOTSKE KOSILNICE\",\"item\":\"https:\\\/\\\/pogo-mtech.com\\\/robotske-kosilnice\\\/\"},{\"@type\":\"ListItem\",\"position\":3,\"name\":\"PREDSTAVITEV NA TERENU\"}]},{\"@type\":\"WebSite\",\"@id\":\"https:\\\/\\\/pogo-mtech.com\\\/#website\",\"url\":\"https:\\\/\\\/pogo-mtech.com\\\/\",\"name\":\"Pogo M-Tech - Robotske kosilnice na daljinsko upravljanje\",\"description\":\"Revolucionarne daljinsko vodene kosilnice\",\"publisher\":{\"@id\":\"https:\\\/\\\/pogo-mtech.com\\\/#organization\"},\"alternateName\":\"Pogo M-Tech - DKosilnice na daljinca\",\"potentialAction\":[{\"@type\":\"SearchAction\",\"target\":{\"@type\":\"EntryPoint\",\"urlTemplate\":\"https:\\\/\\\/pogo-mtech.com\\\/?s={search_term_string}\"},\"query-input\":{\"@type\":\"PropertyValueSpecification\",\"valueRequired\":true,\"valueName\":\"search_term_string\"}}],\"inLanguage\":\"de-AT\"},{\"@type\":\"Organization\",\"@id\":\"https:\\\/\\\/pogo-mtech.com\\\/#organization\",\"name\":\"POGO MTECH d.o.o.\",\"alternateName\":\"POGO M-TECH d.o.o.\",\"url\":\"https:\\\/\\\/pogo-mtech.com\\\/\",\"logo\":{\"@type\":\"ImageObject\",\"inLanguage\":\"de-AT\",\"@id\":\"https:\\\/\\\/pogo-mtech.com\\\/#\\\/schema\\\/logo\\\/image\\\/\",\"url\":\"https:\\\/\\\/pogo-mtech.com\\\/wp-content\\\/uploads\\\/2025\\\/02\\\/POGO-M-TECH-265-scaled.jpg\",\"contentUrl\":\"https:\\\/\\\/pogo-mtech.com\\\/wp-content\\\/uploads\\\/2025\\\/02\\\/POGO-M-TECH-265-scaled.jpg\",\"width\":2560,\"height\":1920,\"caption\":\"POGO MTECH d.o.o.\"},\"image\":{\"@id\":\"https:\\\/\\\/pogo-mtech.com\\\/#\\\/schema\\\/logo\\\/image\\\/\"},\"sameAs\":[\"https:\\\/\\\/www.facebook.com\\\/pogomtech\\\/\",\"https:\\\/\\\/www.youtube.com\\\/@Pogo-mtech\",\"https:\\\/\\\/www.instagram.com\\\/pogomtech\\\/\"]}]}<\/script>\n<!-- \/ Yoast SEO plugin. -->","yoast_head_json":{"title":"PREDSTAVITEV NA TERENU | Pogo M-Tech - Robotske kosilnice na daljinsko upravljanje","robots":{"index":"index","follow":"follow","max-snippet":"max-snippet:-1","max-image-preview":"max-image-preview:large","max-video-preview":"max-video-preview:-1"},"canonical":"https:\/\/pogo-mtech.com\/at\/product\/predstavitev\/","og_locale":"de_DE","og_type":"article","og_title":"PREDSTAVITEV NA TERENU | Pogo M-Tech - Robotske kosilnice na daljinsko upravljanje","og_description":"Preizkusite Pogo M-Tech kosilnico na svojem terenu.Cena vklju\u010duje prihod ekipe, demonstracijo 1\u20132 modelov in osebno svetovanje.","og_url":"https:\/\/pogo-mtech.com\/at\/product\/predstavitev\/","og_site_name":"Pogo M-Tech - Robotske kosilnice na daljinsko upravljanje","article_publisher":"https:\/\/www.facebook.com\/pogomtech\/","article_modified_time":"2026-04-17T07:57:04+00:00","og_image":[{"width":1920,"height":2560,"url":"https:\/\/pogo-mtech.com\/wp-content\/uploads\/2025\/02\/WhatsAppova-datoteka-Slika-2025-03-24-ob-13.20.03_5c246dd9-scaled.jpg","type":"image\/jpeg"}],"twitter_card":"summary_large_image","twitter_misc":{"Gesch\u00e4tzte Lesezeit":"2 Minuten"},"schema":{"@context":"https:\/\/schema.org","@graph":[{"@type":"WebPage","@id":"https:\/\/pogo-mtech.com\/product\/predstavitev\/","url":"https:\/\/pogo-mtech.com\/product\/predstavitev\/","name":"PREDSTAVITEV NA TERENU | Pogo M-Tech - Robotske kosilnice na daljinsko upravljanje","isPartOf":{"@id":"https:\/\/pogo-mtech.com\/#website"},"primaryImageOfPage":{"@id":"https:\/\/pogo-mtech.com\/product\/predstavitev\/#primaryimage"},"image":{"@id":"https:\/\/pogo-mtech.com\/product\/predstavitev\/#primaryimage"},"thumbnailUrl":"https:\/\/pogo-mtech.com\/wp-content\/uploads\/2025\/02\/WhatsAppova-datoteka-Slika-2025-03-24-ob-13.20.03_5c246dd9-scaled.jpg","datePublished":"2025-05-23T08:06:04+00:00","dateModified":"2026-04-17T07:57:04+00:00","breadcrumb":{"@id":"https:\/\/pogo-mtech.com\/product\/predstavitev\/#breadcrumb"},"inLanguage":"de-AT","potentialAction":[{"@type":"ReadAction","target":["https:\/\/pogo-mtech.com\/product\/predstavitev\/"]}]},{"@type":"ImageObject","inLanguage":"de-AT","@id":"https:\/\/pogo-mtech.com\/product\/predstavitev\/#primaryimage","url":"https:\/\/pogo-mtech.com\/wp-content\/uploads\/2025\/02\/WhatsAppova-datoteka-Slika-2025-03-24-ob-13.20.03_5c246dd9-scaled.jpg","contentUrl":"https:\/\/pogo-mtech.com\/wp-content\/uploads\/2025\/02\/WhatsAppova-datoteka-Slika-2025-03-24-ob-13.20.03_5c246dd9-scaled.jpg","width":1920,"height":2560},{"@type":"BreadcrumbList","@id":"https:\/\/pogo-mtech.com\/product\/predstavitev\/#breadcrumb","itemListElement":[{"@type":"ListItem","position":1,"name":"Home","item":"https:\/\/pogo-mtech.com\/"},{"@type":"ListItem","position":2,"name":"ROBOTSKE KOSILNICE","item":"https:\/\/pogo-mtech.com\/robotske-kosilnice\/"},{"@type":"ListItem","position":3,"name":"PREDSTAVITEV NA TERENU"}]},{"@type":"WebSite","@id":"https:\/\/pogo-mtech.com\/#website","url":"https:\/\/pogo-mtech.com\/","name":"Pogo M-Tech - Roboter-Rasenm\u00e4her mit Fernsteuerung","description":"Revolucionarne daljinsko vodene kosilnice","publisher":{"@id":"https:\/\/pogo-mtech.com\/#organization"},"alternateName":"Pogo M-Tech - DKosilnice na daljinca","potentialAction":[{"@type":"SearchAction","target":{"@type":"EntryPoint","urlTemplate":"https:\/\/pogo-mtech.com\/?s={search_term_string}"},"query-input":{"@type":"PropertyValueSpecification","valueRequired":true,"valueName":"search_term_string"}}],"inLanguage":"de-AT"},{"@type":"Organization","@id":"https:\/\/pogo-mtech.com\/#organization","name":"POGO MTECH d.o.o.","alternateName":"POGO M-TECH d.o.o.","url":"https:\/\/pogo-mtech.com\/","logo":{"@type":"ImageObject","inLanguage":"de-AT","@id":"https:\/\/pogo-mtech.com\/#\/schema\/logo\/image\/","url":"https:\/\/pogo-mtech.com\/wp-content\/uploads\/2025\/02\/POGO-M-TECH-265-scaled.jpg","contentUrl":"https:\/\/pogo-mtech.com\/wp-content\/uploads\/2025\/02\/POGO-M-TECH-265-scaled.jpg","width":2560,"height":1920,"caption":"POGO MTECH d.o.o."},"image":{"@id":"https:\/\/pogo-mtech.com\/#\/schema\/logo\/image\/"},"sameAs":["https:\/\/www.facebook.com\/pogomtech\/","https:\/\/www.youtube.com\/@Pogo-mtech","https:\/\/www.instagram.com\/pogomtech\/"]}]}},"_links":{"self":[{"href":"https:\/\/pogo-mtech.com\/at\/wp-json\/wp\/v2\/product\/1329","targetHints":{"allow":["GET"]}}],"collection":[{"href":"https:\/\/pogo-mtech.com\/at\/wp-json\/wp\/v2\/product"}],"about":[{"href":"https:\/\/pogo-mtech.com\/at\/wp-json\/wp\/v2\/types\/product"}],"wp:featuredmedia":[{"embeddable":true,"href":"https:\/\/pogo-mtech.com\/at\/wp-json\/wp\/v2\/media\/1248"}],"wp:attachment":[{"href":"https:\/\/pogo-mtech.com\/at\/wp-json\/wp\/v2\/media?parent=1329"}],"wp:term":[{"taxonomy":"product_brand","embeddable":true,"href":"https:\/\/pogo-mtech.com\/at\/wp-json\/wp\/v2\/product_brand?post=1329"},{"taxonomy":"product_cat","embeddable":true,"href":"https:\/\/pogo-mtech.com\/at\/wp-json\/wp\/v2\/product_cat?post=1329"},{"taxonomy":"product_tag","embeddable":true,"href":"https:\/\/pogo-mtech.com\/at\/wp-json\/wp\/v2\/product_tag?post=1329"}],"curies":[{"name":"wp","href":"https:\/\/api.w.org\/{rel}","templated":true}]}}