{"id":1809,"date":"2026-02-25T13:43:31","date_gmt":"2026-02-25T12:43:31","guid":{"rendered":"https:\/\/pogo-mtech.com\/?post_type=product&#038;p=1809"},"modified":"2026-04-17T09:54:19","modified_gmt":"2026-04-17T07:54:19","slug":"hoppy-4x4-limited","status":"publish","type":"product","link":"https:\/\/pogo-mtech.com\/at\/product\/hoppy-4x4-limited\/","title":{"rendered":"SKOKICA (HOPPY) 4\u00d74 - Limitierte Auflage f\u00fcr Frauen 2026"},"content":{"rendered":"<p>Vorstellung des Sondermodells <strong>SKOKICA (HOPPY) 4\u00d74 - Women's Limited Edition 2026.<\/strong><br \/>\nEine limitierte Serie mit einem unverwechselbaren Erscheinungsbild, das ins Auge sticht, aber keine Kompromisse bei der Leistung eingeht.<\/p>\n<p>Unter dem markanten \u00c4u\u00dferen verbirgt sich die gleiche robuste Leistung, die Sie vom klassischen Skokie kennen. Der zuverl\u00e4ssige 4\u00d74-Antrieb, die 55 cm Schnittbreite und die hervorragende Stabilit\u00e4t an H\u00e4ngen bis zu 30\u00b0 sorgen f\u00fcr problemloses M\u00e4hen auch in schwierigem Gel\u00e4nde.<\/p>\n<p>Er ist mit einem leistungsstarken LONCIN 4-Takt-Benzinmotor mit 9 PS ausgestattet, der hohe Effizienz und zuverl\u00e4ssige Leistung bietet. Die Fernsteuerung mit einer Reichweite von bis zu 200 Metern erm\u00f6glicht die volle Kontrolle - sicher, bequem und ohne k\u00f6rperliche Anstrengung.<\/p>\n<p>Er ist ideal f\u00fcr G\u00e4rten, Parks, Obstg\u00e4rten, Weinberge, Wiesen und andere anspruchsvolle Gr\u00fcnfl\u00e4chen, bei denen Leistung und Zuverl\u00e4ssigkeit entscheidend sind.<\/p>\n<p><em>Limitierte Auflage 2026, nur in begrenzter St\u00fcckzahl erh\u00e4ltlich.<\/em><\/p>\n<h2 data-start=\"1431\" data-end=\"1452\">Die wichtigsten Vorteile:<\/h2>\n<p data-start=\"1454\" data-end=\"1756\">- 4\u00d74-Antrieb f\u00fcr hervorragende Traktion und unwegsames Gel\u00e4nde<br data-start=\"1526\" data-end=\"1529\" \/>- Stabilit\u00e4t bei Steigungen bis zu 30\u00b0<br data-start=\"1560\" data-end=\"1563\" \/>- 9 PS LONCIN 4-Takt-Motor mit niedrigem Verbrauch (0,8-1 L\/h)<br data-start=\"1618\" data-end=\"1621\" \/>- 200 m Reichweite der Fernbedienung<br data-start=\"1658\" data-end=\"1661\" \/>- Schnittbreite 550 mm und Schnitth\u00f6he 60 mm<br data-start=\"1706\" data-end=\"1709\" \/>- Limitierte Auflage mit exklusiver Farbe<\/p>","protected":false},"excerpt":{"rendered":"<p>Limitierte Auflage des SKOKICA (HOPPY) 4\u00d74 in einem speziellen Women's Edition Design.<\/p>\n<p>Unter dem unverwechselbaren \u00c4u\u00dferen verbirgt sich die gleiche robuste Leistung: 4\u00d74-Antrieb, 9-PS-Motor und Stabilit\u00e4t bis zu 30\u00b0 Steigung.<br data-start=\"453\" data-end=\"456\" \/>Gemacht f\u00fcr die Praxis. Und f\u00fcr Frauen, die es k\u00f6nnen.<\/p>","protected":false},"featured_media":1822,"template":"","meta":{"_themeisle_gutenberg_block_has_review":false},"product_brand":[41],"product_cat":[59,15],"product_tag":[49,50,43,47,46,45,44,42,48],"class_list":{"0":"post-1809","1":"product","2":"type-product","3":"status-publish","4":"has-post-thumbnail","6":"product_brand-pogo-m-tech","7":"product_cat-pogo-mtech","8":"product_cat-vsi","9":"product_tag-daljinska-kosilnica","10":"product_tag-daljinsko-vodena-kosilnica","11":"product_tag-kosilnica","12":"product_tag-kosilnica-za-hribe","13":"product_tag-kosilnica-za-teren","14":"product_tag-kosnja-sadovnjakov","15":"product_tag-kosnja-vinogradov","16":"product_tag-robotska-kosilnica","17":"product_tag-terenska-kosilnica","18":"product_shipping_class-pogo","20":"first","21":"instock","22":"shipping-taxable","23":"purchasable","24":"product-type-simple"},"yoast_head":"<!-- This site is optimized with the Yoast SEO plugin v27.4 - https:\/\/yoast.com\/product\/yoast-seo-wordpress\/ -->\n<title>Daljinsko vodena kosilnica POGO MTECH | Women\u2019s Edition 2026<\/title>\n<meta name=\"description\" content=\"Limited Edition 2026. SKOKICA 4x4 je zmogljiva daljinsko vodena kosilnica z 9 KM motorjem in 4x4 pogonom \u2013 zdaj v posebni Women\u2019s izvedbi.\" \/>\n<meta name=\"robots\" content=\"index, follow, max-snippet:-1, max-image-preview:large, max-video-preview:-1\" \/>\n<link rel=\"canonical\" href=\"https:\/\/pogo-mtech.com\/at\/product\/hoppy-4x4-limited\/\" \/>\n<meta property=\"og:locale\" content=\"de_DE\" \/>\n<meta property=\"og:type\" content=\"article\" \/>\n<meta property=\"og:title\" content=\"Daljinsko vodena kosilnica POGO MTECH | Women\u2019s Edition 2026\" \/>\n<meta property=\"og:description\" content=\"Limited Edition 2026. SKOKICA 4x4 je zmogljiva daljinsko vodena kosilnica z 9 KM motorjem in 4x4 pogonom \u2013 zdaj v posebni Women\u2019s izvedbi.\" \/>\n<meta property=\"og:url\" content=\"https:\/\/pogo-mtech.com\/at\/product\/hoppy-4x4-limited\/\" \/>\n<meta property=\"og:site_name\" content=\"Pogo M-Tech - Robotske kosilnice na daljinsko upravljanje\" \/>\n<meta property=\"article:publisher\" content=\"https:\/\/www.facebook.com\/pogomtech\/\" \/>\n<meta property=\"article:modified_time\" content=\"2026-04-17T07:54:19+00:00\" \/>\n<meta property=\"og:image\" content=\"https:\/\/pogo-mtech.com\/wp-content\/uploads\/2026\/02\/WOMANS-EDITION-SKOKICA-1024x1024.png\" \/>\n\t<meta property=\"og:image:width\" content=\"1024\" \/>\n\t<meta property=\"og:image:height\" content=\"1024\" \/>\n\t<meta property=\"og:image:type\" content=\"image\/png\" \/>\n<meta name=\"twitter:card\" content=\"summary_large_image\" \/>\n<meta name=\"twitter:label1\" content=\"Gesch\u00e4tzte Lesezeit\" \/>\n\t<meta name=\"twitter:data1\" content=\"2 Minuten\" \/>\n<script type=\"application\/ld+json\" class=\"yoast-schema-graph\">{\"@context\":\"https:\\\/\\\/schema.org\",\"@graph\":[{\"@type\":\"WebPage\",\"@id\":\"https:\\\/\\\/pogo-mtech.com\\\/product\\\/hoppy-4x4-limited\\\/\",\"url\":\"https:\\\/\\\/pogo-mtech.com\\\/product\\\/hoppy-4x4-limited\\\/\",\"name\":\"Daljinsko vodena kosilnica POGO MTECH | Women\u2019s Edition 2026\",\"isPartOf\":{\"@id\":\"https:\\\/\\\/pogo-mtech.com\\\/#website\"},\"primaryImageOfPage\":{\"@id\":\"https:\\\/\\\/pogo-mtech.com\\\/product\\\/hoppy-4x4-limited\\\/#primaryimage\"},\"image\":{\"@id\":\"https:\\\/\\\/pogo-mtech.com\\\/product\\\/hoppy-4x4-limited\\\/#primaryimage\"},\"thumbnailUrl\":\"https:\\\/\\\/pogo-mtech.com\\\/wp-content\\\/uploads\\\/2026\\\/02\\\/WOMANS-EDITION-SKOKICA.png\",\"datePublished\":\"2026-02-25T12:43:31+00:00\",\"dateModified\":\"2026-04-17T07:54:19+00:00\",\"description\":\"Limited Edition 2026. SKOKICA 4x4 je zmogljiva daljinsko vodena kosilnica z 9 KM motorjem in 4x4 pogonom \u2013 zdaj v posebni Women\u2019s izvedbi.\",\"breadcrumb\":{\"@id\":\"https:\\\/\\\/pogo-mtech.com\\\/product\\\/hoppy-4x4-limited\\\/#breadcrumb\"},\"inLanguage\":\"de-AT\",\"potentialAction\":[{\"@type\":\"ReadAction\",\"target\":[\"https:\\\/\\\/pogo-mtech.com\\\/product\\\/hoppy-4x4-limited\\\/\"]}]},{\"@type\":\"ImageObject\",\"inLanguage\":\"de-AT\",\"@id\":\"https:\\\/\\\/pogo-mtech.com\\\/product\\\/hoppy-4x4-limited\\\/#primaryimage\",\"url\":\"https:\\\/\\\/pogo-mtech.com\\\/wp-content\\\/uploads\\\/2026\\\/02\\\/WOMANS-EDITION-SKOKICA.png\",\"contentUrl\":\"https:\\\/\\\/pogo-mtech.com\\\/wp-content\\\/uploads\\\/2026\\\/02\\\/WOMANS-EDITION-SKOKICA.png\",\"width\":1400,\"height\":1400},{\"@type\":\"BreadcrumbList\",\"@id\":\"https:\\\/\\\/pogo-mtech.com\\\/product\\\/hoppy-4x4-limited\\\/#breadcrumb\",\"itemListElement\":[{\"@type\":\"ListItem\",\"position\":1,\"name\":\"Home\",\"item\":\"https:\\\/\\\/pogo-mtech.com\\\/\"},{\"@type\":\"ListItem\",\"position\":2,\"name\":\"ROBOTSKE KOSILNICE\",\"item\":\"https:\\\/\\\/pogo-mtech.com\\\/robotske-kosilnice\\\/\"},{\"@type\":\"ListItem\",\"position\":3,\"name\":\"SKOKICA (HOPPY) 4&#215;4 \u2013 Women\u2019s Limited Edition 2026\"}]},{\"@type\":\"WebSite\",\"@id\":\"https:\\\/\\\/pogo-mtech.com\\\/#website\",\"url\":\"https:\\\/\\\/pogo-mtech.com\\\/\",\"name\":\"Pogo M-Tech - Robotske kosilnice na daljinsko upravljanje\",\"description\":\"Revolucionarne daljinsko vodene kosilnice\",\"publisher\":{\"@id\":\"https:\\\/\\\/pogo-mtech.com\\\/#organization\"},\"alternateName\":\"Pogo M-Tech - DKosilnice na daljinca\",\"potentialAction\":[{\"@type\":\"SearchAction\",\"target\":{\"@type\":\"EntryPoint\",\"urlTemplate\":\"https:\\\/\\\/pogo-mtech.com\\\/?s={search_term_string}\"},\"query-input\":{\"@type\":\"PropertyValueSpecification\",\"valueRequired\":true,\"valueName\":\"search_term_string\"}}],\"inLanguage\":\"de-AT\"},{\"@type\":\"Organization\",\"@id\":\"https:\\\/\\\/pogo-mtech.com\\\/#organization\",\"name\":\"POGO MTECH d.o.o.\",\"alternateName\":\"POGO M-TECH d.o.o.\",\"url\":\"https:\\\/\\\/pogo-mtech.com\\\/\",\"logo\":{\"@type\":\"ImageObject\",\"inLanguage\":\"de-AT\",\"@id\":\"https:\\\/\\\/pogo-mtech.com\\\/#\\\/schema\\\/logo\\\/image\\\/\",\"url\":\"https:\\\/\\\/pogo-mtech.com\\\/wp-content\\\/uploads\\\/2025\\\/02\\\/POGO-M-TECH-265-scaled.jpg\",\"contentUrl\":\"https:\\\/\\\/pogo-mtech.com\\\/wp-content\\\/uploads\\\/2025\\\/02\\\/POGO-M-TECH-265-scaled.jpg\",\"width\":2560,\"height\":1920,\"caption\":\"POGO MTECH d.o.o.\"},\"image\":{\"@id\":\"https:\\\/\\\/pogo-mtech.com\\\/#\\\/schema\\\/logo\\\/image\\\/\"},\"sameAs\":[\"https:\\\/\\\/www.facebook.com\\\/pogomtech\\\/\",\"https:\\\/\\\/www.youtube.com\\\/@Pogo-mtech\",\"https:\\\/\\\/www.instagram.com\\\/pogomtech\\\/\"]}]}<\/script>\n<!-- \/ Yoast SEO plugin. -->","yoast_head_json":{"title":"Daljinsko vodena kosilnica POGO MTECH | Women\u2019s Edition 2026","description":"Limited Edition 2026. SKOKICA 4x4 je zmogljiva daljinsko vodena kosilnica z 9 KM motorjem in 4x4 pogonom \u2013 zdaj v posebni Women\u2019s izvedbi.","robots":{"index":"index","follow":"follow","max-snippet":"max-snippet:-1","max-image-preview":"max-image-preview:large","max-video-preview":"max-video-preview:-1"},"canonical":"https:\/\/pogo-mtech.com\/at\/product\/hoppy-4x4-limited\/","og_locale":"de_DE","og_type":"article","og_title":"Daljinsko vodena kosilnica POGO MTECH | Women\u2019s Edition 2026","og_description":"Limited Edition 2026. SKOKICA 4x4 je zmogljiva daljinsko vodena kosilnica z 9 KM motorjem in 4x4 pogonom \u2013 zdaj v posebni Women\u2019s izvedbi.","og_url":"https:\/\/pogo-mtech.com\/at\/product\/hoppy-4x4-limited\/","og_site_name":"Pogo M-Tech - Robotske kosilnice na daljinsko upravljanje","article_publisher":"https:\/\/www.facebook.com\/pogomtech\/","article_modified_time":"2026-04-17T07:54:19+00:00","og_image":[{"width":1024,"height":1024,"url":"https:\/\/pogo-mtech.com\/wp-content\/uploads\/2026\/02\/WOMANS-EDITION-SKOKICA-1024x1024.png","type":"image\/png"}],"twitter_card":"summary_large_image","twitter_misc":{"Gesch\u00e4tzte Lesezeit":"2 Minuten"},"schema":{"@context":"https:\/\/schema.org","@graph":[{"@type":"WebPage","@id":"https:\/\/pogo-mtech.com\/product\/hoppy-4x4-limited\/","url":"https:\/\/pogo-mtech.com\/product\/hoppy-4x4-limited\/","name":"Daljinsko vodena kosilnica POGO MTECH | Women\u2019s Edition 2026","isPartOf":{"@id":"https:\/\/pogo-mtech.com\/#website"},"primaryImageOfPage":{"@id":"https:\/\/pogo-mtech.com\/product\/hoppy-4x4-limited\/#primaryimage"},"image":{"@id":"https:\/\/pogo-mtech.com\/product\/hoppy-4x4-limited\/#primaryimage"},"thumbnailUrl":"https:\/\/pogo-mtech.com\/wp-content\/uploads\/2026\/02\/WOMANS-EDITION-SKOKICA.png","datePublished":"2026-02-25T12:43:31+00:00","dateModified":"2026-04-17T07:54:19+00:00","description":"Limited Edition 2026. SKOKICA 4x4 je zmogljiva daljinsko vodena kosilnica z 9 KM motorjem in 4x4 pogonom \u2013 zdaj v posebni Women\u2019s izvedbi.","breadcrumb":{"@id":"https:\/\/pogo-mtech.com\/product\/hoppy-4x4-limited\/#breadcrumb"},"inLanguage":"de-AT","potentialAction":[{"@type":"ReadAction","target":["https:\/\/pogo-mtech.com\/product\/hoppy-4x4-limited\/"]}]},{"@type":"ImageObject","inLanguage":"de-AT","@id":"https:\/\/pogo-mtech.com\/product\/hoppy-4x4-limited\/#primaryimage","url":"https:\/\/pogo-mtech.com\/wp-content\/uploads\/2026\/02\/WOMANS-EDITION-SKOKICA.png","contentUrl":"https:\/\/pogo-mtech.com\/wp-content\/uploads\/2026\/02\/WOMANS-EDITION-SKOKICA.png","width":1400,"height":1400},{"@type":"BreadcrumbList","@id":"https:\/\/pogo-mtech.com\/product\/hoppy-4x4-limited\/#breadcrumb","itemListElement":[{"@type":"ListItem","position":1,"name":"Home","item":"https:\/\/pogo-mtech.com\/"},{"@type":"ListItem","position":2,"name":"ROBOTSKE KOSILNICE","item":"https:\/\/pogo-mtech.com\/robotske-kosilnice\/"},{"@type":"ListItem","position":3,"name":"SKOKICA (HOPPY) 4&#215;4 \u2013 Women\u2019s Limited Edition 2026"}]},{"@type":"WebSite","@id":"https:\/\/pogo-mtech.com\/#website","url":"https:\/\/pogo-mtech.com\/","name":"Pogo M-Tech - Roboter-Rasenm\u00e4her mit Fernsteuerung","description":"Revolucionarne daljinsko vodene kosilnice","publisher":{"@id":"https:\/\/pogo-mtech.com\/#organization"},"alternateName":"Pogo M-Tech - DKosilnice na daljinca","potentialAction":[{"@type":"SearchAction","target":{"@type":"EntryPoint","urlTemplate":"https:\/\/pogo-mtech.com\/?s={search_term_string}"},"query-input":{"@type":"PropertyValueSpecification","valueRequired":true,"valueName":"search_term_string"}}],"inLanguage":"de-AT"},{"@type":"Organization","@id":"https:\/\/pogo-mtech.com\/#organization","name":"POGO MTECH d.o.o.","alternateName":"POGO M-TECH d.o.o.","url":"https:\/\/pogo-mtech.com\/","logo":{"@type":"ImageObject","inLanguage":"de-AT","@id":"https:\/\/pogo-mtech.com\/#\/schema\/logo\/image\/","url":"https:\/\/pogo-mtech.com\/wp-content\/uploads\/2025\/02\/POGO-M-TECH-265-scaled.jpg","contentUrl":"https:\/\/pogo-mtech.com\/wp-content\/uploads\/2025\/02\/POGO-M-TECH-265-scaled.jpg","width":2560,"height":1920,"caption":"POGO MTECH d.o.o."},"image":{"@id":"https:\/\/pogo-mtech.com\/#\/schema\/logo\/image\/"},"sameAs":["https:\/\/www.facebook.com\/pogomtech\/","https:\/\/www.youtube.com\/@Pogo-mtech","https:\/\/www.instagram.com\/pogomtech\/"]}]}},"_links":{"self":[{"href":"https:\/\/pogo-mtech.com\/at\/wp-json\/wp\/v2\/product\/1809","targetHints":{"allow":["GET"]}}],"collection":[{"href":"https:\/\/pogo-mtech.com\/at\/wp-json\/wp\/v2\/product"}],"about":[{"href":"https:\/\/pogo-mtech.com\/at\/wp-json\/wp\/v2\/types\/product"}],"wp:featuredmedia":[{"embeddable":true,"href":"https:\/\/pogo-mtech.com\/at\/wp-json\/wp\/v2\/media\/1822"}],"wp:attachment":[{"href":"https:\/\/pogo-mtech.com\/at\/wp-json\/wp\/v2\/media?parent=1809"}],"wp:term":[{"taxonomy":"product_brand","embeddable":true,"href":"https:\/\/pogo-mtech.com\/at\/wp-json\/wp\/v2\/product_brand?post=1809"},{"taxonomy":"product_cat","embeddable":true,"href":"https:\/\/pogo-mtech.com\/at\/wp-json\/wp\/v2\/product_cat?post=1809"},{"taxonomy":"product_tag","embeddable":true,"href":"https:\/\/pogo-mtech.com\/at\/wp-json\/wp\/v2\/product_tag?post=1809"}],"curies":[{"name":"wp","href":"https:\/\/api.w.org\/{rel}","templated":true}]}}