{"id":913,"date":"2025-02-11T11:15:46","date_gmt":"2025-02-11T10:15:46","guid":{"rendered":"https:\/\/pogo-mtech.com\/?post_type=product&#038;p=913"},"modified":"2026-04-17T10:03:19","modified_gmt":"2026-04-17T08:03:19","slug":"cosmo-90cm","status":"publish","type":"product","link":"https:\/\/pogo-mtech.com\/at\/product\/cosmo-90cm\/","title":{"rendered":"POGO MTECH COSMO 90cm"},"content":{"rendered":"<p><strong>Pogo M-Tech COSMO - Der revolution\u00e4re gel\u00e4ndeg\u00e4ngige ferngesteuerte Rasenm\u00e4her<\/strong><\/p>\n<p data-start=\"123\" data-end=\"585\">Die Pogo M-Tech COSMO-Reihe umfasst unsere fortschrittlichsten Modelle in der Kategorie der Rotationsmulcher, die f\u00fcr den privaten und professionellen Einsatz auf allen Gel\u00e4ndetypen konzipiert sind. Sein panzer\u00e4hnliches Design bietet au\u00dfergew\u00f6hnliche Stabilit\u00e4t und Leistung und ist damit ideal zum M\u00e4hen von \u00fcppigem Gras, ungepflegten Fl\u00e4chen und schwierigem Gel\u00e4nde.<\/p>\n<p data-start=\"123\" data-end=\"585\">Der M\u00e4her ist mit einem leistungsstarken 608-cm\u00b3-Motor ausgestattet, der kompromisslose Leistung f\u00fcr gro\u00dfe Fl\u00e4chen, Unkrautbeseitigung und anspruchsvolle Aufgaben an steilen H\u00e4ngen bietet. Die Fernbedienung erm\u00f6glicht eine komfortable und sichere Bedienung bis zu 200 Meter, ideal f\u00fcr das M\u00e4hen gr\u00f6\u00dferer Fl\u00e4chen. Mit einer Schnittbreite von 900 mm und einer einstellbaren Schnitth\u00f6he von 20 bis 200 mm liefert er schnelle und flexible Ergebnisse auf einer Vielzahl von Gel\u00e4ndetypen. Er kann bis zu 5000 m\u00b2 pro Stunde m\u00e4hen, wodurch Sie Zeit sparen und die Arbeitskosten senken. Die st\u00e4hlernen Raupen bieten eine hervorragende Traktion, so dass Sie auch an steilen H\u00e4ngen, in W\u00e4ldern, an Stra\u00dfenr\u00e4ndern und B\u00f6schungen problemlos m\u00e4hen k\u00f6nnen.<\/p>\n<p data-start=\"1455\" data-end=\"1716\">Der Pogo M-Tech COSMO ist die ideale Wahl f\u00fcr Landwirtschaft, Obstplantagen, kommunale Fl\u00e4chen, W\u00e4lder, B\u00f6schungen und gro\u00dfe Privatfl\u00e4chen. Konzipiert f\u00fcr alle, die kompromisslose Leistung, Zuverl\u00e4ssigkeit und hohe M\u00e4hleistung in einfachem bis schwierigem Gel\u00e4nde suchen.<\/p>","protected":false},"excerpt":{"rendered":"<p>Die Pogo M-Tech COSMO-Reihe umfasst unsere fortschrittlichsten Modelle in der Kategorie der Rotationsmulcher, die f\u00fcr den privaten und professionellen Einsatz auf allen Gel\u00e4ndetypen konzipiert sind. Sein panzer\u00e4hnliches Design bietet au\u00dfergew\u00f6hnliche Stabilit\u00e4t und Leistung und ist damit ideal zum M\u00e4hen von \u00fcppigem Gras, ungepflegten Fl\u00e4chen und schwierigem Gel\u00e4nde.<\/p>","protected":false},"featured_media":909,"template":"","meta":{"_themeisle_gutenberg_block_has_review":false},"product_brand":[41],"product_cat":[59,15],"product_tag":[49,50,43,47,46,45,44,42,48],"class_list":{"0":"post-913","1":"product","2":"type-product","3":"status-publish","4":"has-post-thumbnail","6":"product_brand-pogo-m-tech","7":"product_cat-pogo-mtech","8":"product_cat-vsi","9":"product_tag-daljinska-kosilnica","10":"product_tag-daljinsko-vodena-kosilnica","11":"product_tag-kosilnica","12":"product_tag-kosilnica-za-hribe","13":"product_tag-kosilnica-za-teren","14":"product_tag-kosnja-sadovnjakov","15":"product_tag-kosnja-vinogradov","16":"product_tag-robotska-kosilnica","17":"product_tag-terenska-kosilnica","18":"product_shipping_class-pogo","20":"first","21":"instock","22":"shipping-taxable","23":"purchasable","24":"product-type-simple"},"yoast_head":"<!-- This site is optimized with the Yoast SEO plugin v27.4 - https:\/\/yoast.com\/product\/yoast-seo-wordpress\/ -->\n<title>POGO MTECH COSMO 90cm | Pogo M-Tech - Robotske kosilnice na daljinsko upravljanje<\/title>\n<meta name=\"robots\" content=\"index, follow, max-snippet:-1, max-image-preview:large, max-video-preview:-1\" \/>\n<link rel=\"canonical\" href=\"https:\/\/pogo-mtech.com\/at\/product\/cosmo-90cm\/\" \/>\n<meta property=\"og:locale\" content=\"de_DE\" \/>\n<meta property=\"og:type\" content=\"article\" \/>\n<meta property=\"og:title\" content=\"POGO MTECH COSMO 90cm | Pogo M-Tech - Robotske kosilnice na daljinsko upravljanje\" \/>\n<meta property=\"og:description\" content=\"Pogo M-Tech COSMO linija zajema na\u0161e najnaprednej\u0161e modele v kategoriji rotacijskih mul\u010derjev, zasnovane za privatno in profesionalno uporabo na vseh vrstah terenov. Njena zasnova, podobna tanku, zagotavlja izjemno stabilnost in mo\u010d, zaradi \u010desar je idealna za ko\u0161njo bujnih trav, neurejenih povr\u0161in in zahtevnih terenov.\" \/>\n<meta property=\"og:url\" content=\"https:\/\/pogo-mtech.com\/at\/product\/cosmo-90cm\/\" \/>\n<meta property=\"og:site_name\" content=\"Pogo M-Tech - Robotske kosilnice na daljinsko upravljanje\" \/>\n<meta property=\"article:publisher\" content=\"https:\/\/www.facebook.com\/pogomtech\/\" \/>\n<meta property=\"article:modified_time\" content=\"2026-04-17T08:03:19+00:00\" \/>\n<meta property=\"og:image\" content=\"https:\/\/pogo-mtech.com\/wp-content\/uploads\/2025\/02\/Brez-naslova-1400-x-1400-pik.png\" \/>\n\t<meta property=\"og:image:width\" content=\"1400\" \/>\n\t<meta property=\"og:image:height\" content=\"1400\" \/>\n\t<meta property=\"og:image:type\" content=\"image\/png\" \/>\n<meta name=\"twitter:card\" content=\"summary_large_image\" \/>\n<meta name=\"twitter:label1\" content=\"Gesch\u00e4tzte Lesezeit\" \/>\n\t<meta name=\"twitter:data1\" content=\"2 Minuten\" \/>\n<script type=\"application\/ld+json\" class=\"yoast-schema-graph\">{\"@context\":\"https:\\\/\\\/schema.org\",\"@graph\":[{\"@type\":\"WebPage\",\"@id\":\"https:\\\/\\\/pogo-mtech.com\\\/product\\\/cosmo-90cm\\\/\",\"url\":\"https:\\\/\\\/pogo-mtech.com\\\/product\\\/cosmo-90cm\\\/\",\"name\":\"POGO MTECH COSMO 90cm | Pogo M-Tech - Robotske kosilnice na daljinsko upravljanje\",\"isPartOf\":{\"@id\":\"https:\\\/\\\/pogo-mtech.com\\\/#website\"},\"primaryImageOfPage\":{\"@id\":\"https:\\\/\\\/pogo-mtech.com\\\/product\\\/cosmo-90cm\\\/#primaryimage\"},\"image\":{\"@id\":\"https:\\\/\\\/pogo-mtech.com\\\/product\\\/cosmo-90cm\\\/#primaryimage\"},\"thumbnailUrl\":\"https:\\\/\\\/pogo-mtech.com\\\/wp-content\\\/uploads\\\/2025\\\/02\\\/Brez-naslova-1400-x-1400-pik.png\",\"datePublished\":\"2025-02-11T10:15:46+00:00\",\"dateModified\":\"2026-04-17T08:03:19+00:00\",\"breadcrumb\":{\"@id\":\"https:\\\/\\\/pogo-mtech.com\\\/product\\\/cosmo-90cm\\\/#breadcrumb\"},\"inLanguage\":\"de-AT\",\"potentialAction\":[{\"@type\":\"ReadAction\",\"target\":[\"https:\\\/\\\/pogo-mtech.com\\\/product\\\/cosmo-90cm\\\/\"]}]},{\"@type\":\"ImageObject\",\"inLanguage\":\"de-AT\",\"@id\":\"https:\\\/\\\/pogo-mtech.com\\\/product\\\/cosmo-90cm\\\/#primaryimage\",\"url\":\"https:\\\/\\\/pogo-mtech.com\\\/wp-content\\\/uploads\\\/2025\\\/02\\\/Brez-naslova-1400-x-1400-pik.png\",\"contentUrl\":\"https:\\\/\\\/pogo-mtech.com\\\/wp-content\\\/uploads\\\/2025\\\/02\\\/Brez-naslova-1400-x-1400-pik.png\",\"width\":1400,\"height\":1400},{\"@type\":\"BreadcrumbList\",\"@id\":\"https:\\\/\\\/pogo-mtech.com\\\/product\\\/cosmo-90cm\\\/#breadcrumb\",\"itemListElement\":[{\"@type\":\"ListItem\",\"position\":1,\"name\":\"Home\",\"item\":\"https:\\\/\\\/pogo-mtech.com\\\/\"},{\"@type\":\"ListItem\",\"position\":2,\"name\":\"ROBOTSKE KOSILNICE\",\"item\":\"https:\\\/\\\/pogo-mtech.com\\\/robotske-kosilnice\\\/\"},{\"@type\":\"ListItem\",\"position\":3,\"name\":\"POGO MTECH COSMO 90cm\"}]},{\"@type\":\"WebSite\",\"@id\":\"https:\\\/\\\/pogo-mtech.com\\\/#website\",\"url\":\"https:\\\/\\\/pogo-mtech.com\\\/\",\"name\":\"Pogo M-Tech - Robotske kosilnice na daljinsko upravljanje\",\"description\":\"Revolucionarne daljinsko vodene kosilnice\",\"publisher\":{\"@id\":\"https:\\\/\\\/pogo-mtech.com\\\/#organization\"},\"alternateName\":\"Pogo M-Tech - DKosilnice na daljinca\",\"potentialAction\":[{\"@type\":\"SearchAction\",\"target\":{\"@type\":\"EntryPoint\",\"urlTemplate\":\"https:\\\/\\\/pogo-mtech.com\\\/?s={search_term_string}\"},\"query-input\":{\"@type\":\"PropertyValueSpecification\",\"valueRequired\":true,\"valueName\":\"search_term_string\"}}],\"inLanguage\":\"de-AT\"},{\"@type\":\"Organization\",\"@id\":\"https:\\\/\\\/pogo-mtech.com\\\/#organization\",\"name\":\"POGO MTECH d.o.o.\",\"alternateName\":\"POGO M-TECH d.o.o.\",\"url\":\"https:\\\/\\\/pogo-mtech.com\\\/\",\"logo\":{\"@type\":\"ImageObject\",\"inLanguage\":\"de-AT\",\"@id\":\"https:\\\/\\\/pogo-mtech.com\\\/#\\\/schema\\\/logo\\\/image\\\/\",\"url\":\"https:\\\/\\\/pogo-mtech.com\\\/wp-content\\\/uploads\\\/2025\\\/02\\\/POGO-M-TECH-265-scaled.jpg\",\"contentUrl\":\"https:\\\/\\\/pogo-mtech.com\\\/wp-content\\\/uploads\\\/2025\\\/02\\\/POGO-M-TECH-265-scaled.jpg\",\"width\":2560,\"height\":1920,\"caption\":\"POGO MTECH d.o.o.\"},\"image\":{\"@id\":\"https:\\\/\\\/pogo-mtech.com\\\/#\\\/schema\\\/logo\\\/image\\\/\"},\"sameAs\":[\"https:\\\/\\\/www.facebook.com\\\/pogomtech\\\/\",\"https:\\\/\\\/www.youtube.com\\\/@Pogo-mtech\",\"https:\\\/\\\/www.instagram.com\\\/pogomtech\\\/\"]}]}<\/script>\n<!-- \/ Yoast SEO plugin. -->","yoast_head_json":{"title":"POGO MTECH COSMO 90cm | Pogo M-Tech - Robotske kosilnice na daljinsko upravljanje","robots":{"index":"index","follow":"follow","max-snippet":"max-snippet:-1","max-image-preview":"max-image-preview:large","max-video-preview":"max-video-preview:-1"},"canonical":"https:\/\/pogo-mtech.com\/at\/product\/cosmo-90cm\/","og_locale":"de_DE","og_type":"article","og_title":"POGO MTECH COSMO 90cm | Pogo M-Tech - Robotske kosilnice na daljinsko upravljanje","og_description":"Pogo M-Tech COSMO linija zajema na\u0161e najnaprednej\u0161e modele v kategoriji rotacijskih mul\u010derjev, zasnovane za privatno in profesionalno uporabo na vseh vrstah terenov. Njena zasnova, podobna tanku, zagotavlja izjemno stabilnost in mo\u010d, zaradi \u010desar je idealna za ko\u0161njo bujnih trav, neurejenih povr\u0161in in zahtevnih terenov.","og_url":"https:\/\/pogo-mtech.com\/at\/product\/cosmo-90cm\/","og_site_name":"Pogo M-Tech - Robotske kosilnice na daljinsko upravljanje","article_publisher":"https:\/\/www.facebook.com\/pogomtech\/","article_modified_time":"2026-04-17T08:03:19+00:00","og_image":[{"width":1400,"height":1400,"url":"https:\/\/pogo-mtech.com\/wp-content\/uploads\/2025\/02\/Brez-naslova-1400-x-1400-pik.png","type":"image\/png"}],"twitter_card":"summary_large_image","twitter_misc":{"Gesch\u00e4tzte Lesezeit":"2 Minuten"},"schema":{"@context":"https:\/\/schema.org","@graph":[{"@type":"WebPage","@id":"https:\/\/pogo-mtech.com\/product\/cosmo-90cm\/","url":"https:\/\/pogo-mtech.com\/product\/cosmo-90cm\/","name":"POGO MTECH COSMO 90cm | Pogo M-Tech - Robotske kosilnice na daljinsko upravljanje","isPartOf":{"@id":"https:\/\/pogo-mtech.com\/#website"},"primaryImageOfPage":{"@id":"https:\/\/pogo-mtech.com\/product\/cosmo-90cm\/#primaryimage"},"image":{"@id":"https:\/\/pogo-mtech.com\/product\/cosmo-90cm\/#primaryimage"},"thumbnailUrl":"https:\/\/pogo-mtech.com\/wp-content\/uploads\/2025\/02\/Brez-naslova-1400-x-1400-pik.png","datePublished":"2025-02-11T10:15:46+00:00","dateModified":"2026-04-17T08:03:19+00:00","breadcrumb":{"@id":"https:\/\/pogo-mtech.com\/product\/cosmo-90cm\/#breadcrumb"},"inLanguage":"de-AT","potentialAction":[{"@type":"ReadAction","target":["https:\/\/pogo-mtech.com\/product\/cosmo-90cm\/"]}]},{"@type":"ImageObject","inLanguage":"de-AT","@id":"https:\/\/pogo-mtech.com\/product\/cosmo-90cm\/#primaryimage","url":"https:\/\/pogo-mtech.com\/wp-content\/uploads\/2025\/02\/Brez-naslova-1400-x-1400-pik.png","contentUrl":"https:\/\/pogo-mtech.com\/wp-content\/uploads\/2025\/02\/Brez-naslova-1400-x-1400-pik.png","width":1400,"height":1400},{"@type":"BreadcrumbList","@id":"https:\/\/pogo-mtech.com\/product\/cosmo-90cm\/#breadcrumb","itemListElement":[{"@type":"ListItem","position":1,"name":"Home","item":"https:\/\/pogo-mtech.com\/"},{"@type":"ListItem","position":2,"name":"ROBOTSKE KOSILNICE","item":"https:\/\/pogo-mtech.com\/robotske-kosilnice\/"},{"@type":"ListItem","position":3,"name":"POGO MTECH COSMO 90cm"}]},{"@type":"WebSite","@id":"https:\/\/pogo-mtech.com\/#website","url":"https:\/\/pogo-mtech.com\/","name":"Pogo M-Tech - Roboter-Rasenm\u00e4her mit Fernsteuerung","description":"Revolucionarne daljinsko vodene kosilnice","publisher":{"@id":"https:\/\/pogo-mtech.com\/#organization"},"alternateName":"Pogo M-Tech - DKosilnice na daljinca","potentialAction":[{"@type":"SearchAction","target":{"@type":"EntryPoint","urlTemplate":"https:\/\/pogo-mtech.com\/?s={search_term_string}"},"query-input":{"@type":"PropertyValueSpecification","valueRequired":true,"valueName":"search_term_string"}}],"inLanguage":"de-AT"},{"@type":"Organization","@id":"https:\/\/pogo-mtech.com\/#organization","name":"POGO MTECH d.o.o.","alternateName":"POGO M-TECH d.o.o.","url":"https:\/\/pogo-mtech.com\/","logo":{"@type":"ImageObject","inLanguage":"de-AT","@id":"https:\/\/pogo-mtech.com\/#\/schema\/logo\/image\/","url":"https:\/\/pogo-mtech.com\/wp-content\/uploads\/2025\/02\/POGO-M-TECH-265-scaled.jpg","contentUrl":"https:\/\/pogo-mtech.com\/wp-content\/uploads\/2025\/02\/POGO-M-TECH-265-scaled.jpg","width":2560,"height":1920,"caption":"POGO MTECH d.o.o."},"image":{"@id":"https:\/\/pogo-mtech.com\/#\/schema\/logo\/image\/"},"sameAs":["https:\/\/www.facebook.com\/pogomtech\/","https:\/\/www.youtube.com\/@Pogo-mtech","https:\/\/www.instagram.com\/pogomtech\/"]}]}},"_links":{"self":[{"href":"https:\/\/pogo-mtech.com\/at\/wp-json\/wp\/v2\/product\/913","targetHints":{"allow":["GET"]}}],"collection":[{"href":"https:\/\/pogo-mtech.com\/at\/wp-json\/wp\/v2\/product"}],"about":[{"href":"https:\/\/pogo-mtech.com\/at\/wp-json\/wp\/v2\/types\/product"}],"wp:featuredmedia":[{"embeddable":true,"href":"https:\/\/pogo-mtech.com\/at\/wp-json\/wp\/v2\/media\/909"}],"wp:attachment":[{"href":"https:\/\/pogo-mtech.com\/at\/wp-json\/wp\/v2\/media?parent=913"}],"wp:term":[{"taxonomy":"product_brand","embeddable":true,"href":"https:\/\/pogo-mtech.com\/at\/wp-json\/wp\/v2\/product_brand?post=913"},{"taxonomy":"product_cat","embeddable":true,"href":"https:\/\/pogo-mtech.com\/at\/wp-json\/wp\/v2\/product_cat?post=913"},{"taxonomy":"product_tag","embeddable":true,"href":"https:\/\/pogo-mtech.com\/at\/wp-json\/wp\/v2\/product_tag?post=913"}],"curies":[{"name":"wp","href":"https:\/\/api.w.org\/{rel}","templated":true}]}}