{"id":1840,"date":"2026-03-09T14:04:26","date_gmt":"2026-03-09T13:04:26","guid":{"rendered":"https:\/\/pogo-mtech.com\/?post_type=product&#038;p=1840"},"modified":"2026-04-17T09:28:55","modified_gmt":"2026-04-17T07:28:55","slug":"mammotion-yuka-mini-2-800","status":"publish","type":"product","link":"https:\/\/pogo-mtech.com\/en\/product\/mammotion-yuka-mini-2-800\/","title":{"rendered":"Robotic lawnmower MAMMOTION Yuka mini 2 800"},"content":{"rendered":"<p data-start=\"777\" data-end=\"1013\"><strong data-start=\"777\" data-end=\"806\">Mammotion YUKA mini 2 800<\/strong> je kompaktna robotska kosilnica, namenjena manj\u0161im in srednje velikim vrtovom. Deluje brez omejitvene \u017eice, saj uporablja navigacijski sistem <strong data-start=\"949\" data-end=\"962\">AI Vision<\/strong>, ki temelji na treh kamerah in umetni inteligenci.<\/p>\n<p data-start=\"1015\" data-end=\"1230\">Kosilnica lahko samodejno ustvari zemljevid vrta ter nato sistemati\u010dno pokosi posamezna obmo\u010dja. Preko aplikacije lahko uporabnik dolo\u010di ve\u010d razli\u010dnih con ko\u0161nje, nastavi urnik delovanja ter spremlja status naprave.<\/p>\n<p data-start=\"1232\" data-end=\"1396\">Napreden sistem zaznavanja omogo\u010da prepoznavanje razli\u010dnih predmetov na vrtu. Kosilnica lahko zazna in se izogne \u0161tevilnim oviram, kar prispeva k varnemu delovanju.<\/p>\n<p data-start=\"1398\" data-end=\"1585\">Model YUKA mini 2 800 je zasnovan za u\u010dinkovito ko\u0161njo manj\u0161ih vrtov. Premaguje naklone do <strong data-start=\"1489\" data-end=\"1497\">45 %<\/strong>, lahko se premika skozi o\u017eje prehode in omogo\u010da prilagodljivo nastavitev vi\u0161ine ko\u0161nje.<\/p>\n<p data-start=\"1587\" data-end=\"1715\">Kosilnica uporablja <strong data-start=\"1607\" data-end=\"1653\">en rezalni disk s petimi vrtljivimi rezili<\/strong>, ki omogo\u010da enakomeren rez in u\u010dinkovito pokrivanje povr\u0161ine.<\/p>\n<p data-start=\"1717\" data-end=\"1829\">Ko baterija potrebuje polnjenje, se kosilnica samodejno vrne na polnilno postajo in po polnjenju nadaljuje delo.<\/p>\n<h1 data-section-id=\"1j5zbxf\" data-start=\"1836\" data-end=\"1856\">Glavne zna\u010dilnosti<\/h1>\n<ul data-start=\"1858\" data-end=\"2161\">\n<li data-section-id=\"1lxvp1x\" data-start=\"1858\" data-end=\"1896\">\n<p data-start=\"1860\" data-end=\"1896\">robotska kosilnica brez mejne \u017eice<\/p>\n<\/li>\n<li data-section-id=\"1436kaa\" data-start=\"1897\" data-end=\"1938\">\n<p data-start=\"1899\" data-end=\"1938\">navigacija AI Vision s tremi kamerami<\/p>\n<\/li>\n<li data-section-id=\"12ql32c\" data-start=\"1939\" data-end=\"1967\">\n<p data-start=\"1941\" data-end=\"1967\">samodejno mapiranje vrta<\/p>\n<\/li>\n<li data-section-id=\"1r6k1at\" data-start=\"1968\" data-end=\"2003\">\n<p data-start=\"1970\" data-end=\"2003\">upravljanje do 5 obmo\u010dij ko\u0161nje<\/p>\n<\/li>\n<li data-section-id=\"a95nxk\" data-start=\"2004\" data-end=\"2043\">\n<p data-start=\"2006\" data-end=\"2043\">zaznavanje ovir in varna navigacija<\/p>\n<\/li>\n<li data-section-id=\"32hheq\" data-start=\"2044\" data-end=\"2077\">\n<p data-start=\"2046\" data-end=\"2077\">premagovanje naklonov do 45 %<\/p>\n<\/li>\n<li data-section-id=\"1y9etzs\" data-start=\"2078\" data-end=\"2118\">\n<p data-start=\"2080\" data-end=\"2118\">upravljanje preko mobilne aplikacije<\/p>\n<\/li>\n<li data-section-id=\"ampeog\" data-start=\"2119\" data-end=\"2161\">\n<p data-start=\"2121\" data-end=\"2161\">samodejno vra\u010danje na polnilno postajo<\/p>\n<\/li>\n<\/ul>","protected":false},"excerpt":{"rendered":"<p data-start=\"310\" data-end=\"549\">Robotska kosilnica <strong data-start=\"329\" data-end=\"358\">Mammotion YUKA mini 2 800<\/strong> je namenjena samodejni ko\u0161nji trat do pribli\u017eno <strong data-start=\"407\" data-end=\"417\">800 m\u00b2<\/strong>. Za navigacijo uporablja sistem <strong data-start=\"450\" data-end=\"480\">AI Vision s tremi kamerami<\/strong>, ki omogo\u010da natan\u010dno orientacijo po vrtu brez potrebe po mejni \u017eici.<\/p>\n<p data-start=\"551\" data-end=\"754\">Kosilnica samodejno ustvari zemljevid vrta, zaznava ovire ter se jim med ko\u0161njo izogiba. Upravljanje poteka preko mobilne aplikacije, kjer lahko nastavite <strong data-start=\"706\" data-end=\"753\">cone ko\u0161nje, urnik delovanja in vi\u0161ino reza<\/strong>.<\/p>","protected":false},"featured_media":1841,"template":"","meta":{"_themeisle_gutenberg_block_has_review":false},"product_brand":[],"product_cat":[60,15],"product_tag":[],"class_list":{"0":"post-1840","1":"product","2":"type-product","3":"status-publish","4":"has-post-thumbnail","6":"product_cat-mammotion","7":"product_cat-vsi","8":"product_shipping_class-mammotion","10":"first","11":"instock","12":"sale","13":"shipping-taxable","14":"purchasable","15":"product-type-simple"},"yoast_head":"<!-- This site is optimized with the Yoast SEO plugin v27.4 - https:\/\/yoast.com\/product\/yoast-seo-wordpress\/ -->\n<title>Robotska kosilnica | Mammotion YUKA mini 2 800<\/title>\n<meta name=\"description\" content=\"Mammotion YUKA mini 2 800 je robotska kosilnica za trate do 800 m\u00b2. Navigacija AI Vision brez mejne \u017eice in upravljanje preko aplikacije.\" \/>\n<meta name=\"robots\" content=\"index, follow, max-snippet:-1, max-image-preview:large, max-video-preview:-1\" \/>\n<link rel=\"canonical\" href=\"https:\/\/pogo-mtech.com\/en\/product\/mammotion-yuka-mini-2-800\/\" \/>\n<meta property=\"og:locale\" content=\"en_US\" \/>\n<meta property=\"og:type\" content=\"article\" \/>\n<meta property=\"og:title\" content=\"Robotska kosilnica | Mammotion YUKA mini 2 800\" \/>\n<meta property=\"og:description\" content=\"Mammotion YUKA mini 2 800 je robotska kosilnica za trate do 800 m\u00b2. Navigacija AI Vision brez mejne \u017eice in upravljanje preko aplikacije.\" \/>\n<meta property=\"og:url\" content=\"https:\/\/pogo-mtech.com\/en\/product\/mammotion-yuka-mini-2-800\/\" \/>\n<meta property=\"og:site_name\" content=\"Pogo M-Tech - Robotske kosilnice na daljinsko upravljanje\" \/>\n<meta property=\"article:publisher\" content=\"https:\/\/www.facebook.com\/pogomtech\/\" \/>\n<meta property=\"article:modified_time\" content=\"2026-04-17T07:28:55+00:00\" \/>\n<meta property=\"og:image\" content=\"https:\/\/pogo-mtech.com\/wp-content\/uploads\/2026\/03\/basic-image-1.png\" \/>\n\t<meta property=\"og:image:width\" content=\"2000\" \/>\n\t<meta property=\"og:image:height\" content=\"2000\" \/>\n\t<meta property=\"og:image:type\" content=\"image\/png\" \/>\n<meta name=\"twitter:card\" content=\"summary_large_image\" \/>\n<meta name=\"twitter:label1\" content=\"Est. reading time\" \/>\n\t<meta name=\"twitter:data1\" content=\"2 minutes\" \/>\n<script type=\"application\/ld+json\" class=\"yoast-schema-graph\">{\"@context\":\"https:\\\/\\\/schema.org\",\"@graph\":[{\"@type\":\"WebPage\",\"@id\":\"https:\\\/\\\/pogo-mtech.com\\\/product\\\/mammotion-yuka-mini-2-800\\\/\",\"url\":\"https:\\\/\\\/pogo-mtech.com\\\/product\\\/mammotion-yuka-mini-2-800\\\/\",\"name\":\"Robotska kosilnica | Mammotion YUKA mini 2 800\",\"isPartOf\":{\"@id\":\"https:\\\/\\\/pogo-mtech.com\\\/#website\"},\"primaryImageOfPage\":{\"@id\":\"https:\\\/\\\/pogo-mtech.com\\\/product\\\/mammotion-yuka-mini-2-800\\\/#primaryimage\"},\"image\":{\"@id\":\"https:\\\/\\\/pogo-mtech.com\\\/product\\\/mammotion-yuka-mini-2-800\\\/#primaryimage\"},\"thumbnailUrl\":\"https:\\\/\\\/pogo-mtech.com\\\/wp-content\\\/uploads\\\/2026\\\/03\\\/basic-image-1.png\",\"datePublished\":\"2026-03-09T13:04:26+00:00\",\"dateModified\":\"2026-04-17T07:28:55+00:00\",\"description\":\"Mammotion YUKA mini 2 800 je robotska kosilnica za trate do 800 m\u00b2. Navigacija AI Vision brez mejne \u017eice in upravljanje preko aplikacije.\",\"breadcrumb\":{\"@id\":\"https:\\\/\\\/pogo-mtech.com\\\/product\\\/mammotion-yuka-mini-2-800\\\/#breadcrumb\"},\"inLanguage\":\"en-US\",\"potentialAction\":[{\"@type\":\"ReadAction\",\"target\":[\"https:\\\/\\\/pogo-mtech.com\\\/product\\\/mammotion-yuka-mini-2-800\\\/\"]}]},{\"@type\":\"ImageObject\",\"inLanguage\":\"en-US\",\"@id\":\"https:\\\/\\\/pogo-mtech.com\\\/product\\\/mammotion-yuka-mini-2-800\\\/#primaryimage\",\"url\":\"https:\\\/\\\/pogo-mtech.com\\\/wp-content\\\/uploads\\\/2026\\\/03\\\/basic-image-1.png\",\"contentUrl\":\"https:\\\/\\\/pogo-mtech.com\\\/wp-content\\\/uploads\\\/2026\\\/03\\\/basic-image-1.png\",\"width\":2000,\"height\":2000},{\"@type\":\"BreadcrumbList\",\"@id\":\"https:\\\/\\\/pogo-mtech.com\\\/product\\\/mammotion-yuka-mini-2-800\\\/#breadcrumb\",\"itemListElement\":[{\"@type\":\"ListItem\",\"position\":1,\"name\":\"Home\",\"item\":\"https:\\\/\\\/pogo-mtech.com\\\/\"},{\"@type\":\"ListItem\",\"position\":2,\"name\":\"ROBOTSKE KOSILNICE\",\"item\":\"https:\\\/\\\/pogo-mtech.com\\\/robotske-kosilnice\\\/\"},{\"@type\":\"ListItem\",\"position\":3,\"name\":\"Robotska kosilnica MAMMOTION Yuka mini 2 800\"}]},{\"@type\":\"WebSite\",\"@id\":\"https:\\\/\\\/pogo-mtech.com\\\/#website\",\"url\":\"https:\\\/\\\/pogo-mtech.com\\\/\",\"name\":\"Pogo M-Tech - Robotske kosilnice na daljinsko upravljanje\",\"description\":\"Revolucionarne daljinsko vodene kosilnice\",\"publisher\":{\"@id\":\"https:\\\/\\\/pogo-mtech.com\\\/#organization\"},\"alternateName\":\"Pogo M-Tech - DKosilnice na daljinca\",\"potentialAction\":[{\"@type\":\"SearchAction\",\"target\":{\"@type\":\"EntryPoint\",\"urlTemplate\":\"https:\\\/\\\/pogo-mtech.com\\\/?s={search_term_string}\"},\"query-input\":{\"@type\":\"PropertyValueSpecification\",\"valueRequired\":true,\"valueName\":\"search_term_string\"}}],\"inLanguage\":\"en-US\"},{\"@type\":\"Organization\",\"@id\":\"https:\\\/\\\/pogo-mtech.com\\\/#organization\",\"name\":\"POGO MTECH d.o.o.\",\"alternateName\":\"POGO M-TECH d.o.o.\",\"url\":\"https:\\\/\\\/pogo-mtech.com\\\/\",\"logo\":{\"@type\":\"ImageObject\",\"inLanguage\":\"en-US\",\"@id\":\"https:\\\/\\\/pogo-mtech.com\\\/#\\\/schema\\\/logo\\\/image\\\/\",\"url\":\"https:\\\/\\\/pogo-mtech.com\\\/wp-content\\\/uploads\\\/2025\\\/02\\\/POGO-M-TECH-265-scaled.jpg\",\"contentUrl\":\"https:\\\/\\\/pogo-mtech.com\\\/wp-content\\\/uploads\\\/2025\\\/02\\\/POGO-M-TECH-265-scaled.jpg\",\"width\":2560,\"height\":1920,\"caption\":\"POGO MTECH d.o.o.\"},\"image\":{\"@id\":\"https:\\\/\\\/pogo-mtech.com\\\/#\\\/schema\\\/logo\\\/image\\\/\"},\"sameAs\":[\"https:\\\/\\\/www.facebook.com\\\/pogomtech\\\/\",\"https:\\\/\\\/www.youtube.com\\\/@Pogo-mtech\",\"https:\\\/\\\/www.instagram.com\\\/pogomtech\\\/\"]}]}<\/script>\n<!-- \/ Yoast SEO plugin. -->","yoast_head_json":{"title":"Robotska kosilnica | Mammotion YUKA mini 2 800","description":"Mammotion YUKA mini 2 800 je robotska kosilnica za trate do 800 m\u00b2. Navigacija AI Vision brez mejne \u017eice in upravljanje preko aplikacije.","robots":{"index":"index","follow":"follow","max-snippet":"max-snippet:-1","max-image-preview":"max-image-preview:large","max-video-preview":"max-video-preview:-1"},"canonical":"https:\/\/pogo-mtech.com\/en\/product\/mammotion-yuka-mini-2-800\/","og_locale":"en_US","og_type":"article","og_title":"Robotska kosilnica | Mammotion YUKA mini 2 800","og_description":"Mammotion YUKA mini 2 800 je robotska kosilnica za trate do 800 m\u00b2. Navigacija AI Vision brez mejne \u017eice in upravljanje preko aplikacije.","og_url":"https:\/\/pogo-mtech.com\/en\/product\/mammotion-yuka-mini-2-800\/","og_site_name":"Pogo M-Tech - Robotske kosilnice na daljinsko upravljanje","article_publisher":"https:\/\/www.facebook.com\/pogomtech\/","article_modified_time":"2026-04-17T07:28:55+00:00","og_image":[{"width":2000,"height":2000,"url":"https:\/\/pogo-mtech.com\/wp-content\/uploads\/2026\/03\/basic-image-1.png","type":"image\/png"}],"twitter_card":"summary_large_image","twitter_misc":{"Est. reading time":"2 minutes"},"schema":{"@context":"https:\/\/schema.org","@graph":[{"@type":"WebPage","@id":"https:\/\/pogo-mtech.com\/product\/mammotion-yuka-mini-2-800\/","url":"https:\/\/pogo-mtech.com\/product\/mammotion-yuka-mini-2-800\/","name":"Robotska kosilnica | Mammotion YUKA mini 2 800","isPartOf":{"@id":"https:\/\/pogo-mtech.com\/#website"},"primaryImageOfPage":{"@id":"https:\/\/pogo-mtech.com\/product\/mammotion-yuka-mini-2-800\/#primaryimage"},"image":{"@id":"https:\/\/pogo-mtech.com\/product\/mammotion-yuka-mini-2-800\/#primaryimage"},"thumbnailUrl":"https:\/\/pogo-mtech.com\/wp-content\/uploads\/2026\/03\/basic-image-1.png","datePublished":"2026-03-09T13:04:26+00:00","dateModified":"2026-04-17T07:28:55+00:00","description":"Mammotion YUKA mini 2 800 je robotska kosilnica za trate do 800 m\u00b2. Navigacija AI Vision brez mejne \u017eice in upravljanje preko aplikacije.","breadcrumb":{"@id":"https:\/\/pogo-mtech.com\/product\/mammotion-yuka-mini-2-800\/#breadcrumb"},"inLanguage":"en-US","potentialAction":[{"@type":"ReadAction","target":["https:\/\/pogo-mtech.com\/product\/mammotion-yuka-mini-2-800\/"]}]},{"@type":"ImageObject","inLanguage":"en-US","@id":"https:\/\/pogo-mtech.com\/product\/mammotion-yuka-mini-2-800\/#primaryimage","url":"https:\/\/pogo-mtech.com\/wp-content\/uploads\/2026\/03\/basic-image-1.png","contentUrl":"https:\/\/pogo-mtech.com\/wp-content\/uploads\/2026\/03\/basic-image-1.png","width":2000,"height":2000},{"@type":"BreadcrumbList","@id":"https:\/\/pogo-mtech.com\/product\/mammotion-yuka-mini-2-800\/#breadcrumb","itemListElement":[{"@type":"ListItem","position":1,"name":"Home","item":"https:\/\/pogo-mtech.com\/"},{"@type":"ListItem","position":2,"name":"ROBOTSKE KOSILNICE","item":"https:\/\/pogo-mtech.com\/robotske-kosilnice\/"},{"@type":"ListItem","position":3,"name":"Robotska kosilnica MAMMOTION Yuka mini 2 800"}]},{"@type":"WebSite","@id":"https:\/\/pogo-mtech.com\/#website","url":"https:\/\/pogo-mtech.com\/","name":"Pogo M-Tech - Robotic lawnmowers with remote control","description":"Revolutionary remote-controlled lawnmowers","publisher":{"@id":"https:\/\/pogo-mtech.com\/#organization"},"alternateName":"Pogo M-Tech - DKosilnice na daljinca","potentialAction":[{"@type":"SearchAction","target":{"@type":"EntryPoint","urlTemplate":"https:\/\/pogo-mtech.com\/?s={search_term_string}"},"query-input":{"@type":"PropertyValueSpecification","valueRequired":true,"valueName":"search_term_string"}}],"inLanguage":"en-US"},{"@type":"Organization","@id":"https:\/\/pogo-mtech.com\/#organization","name":"POGO MTECH d.o.o.","alternateName":"POGO M-TECH d.o.o.","url":"https:\/\/pogo-mtech.com\/","logo":{"@type":"ImageObject","inLanguage":"en-US","@id":"https:\/\/pogo-mtech.com\/#\/schema\/logo\/image\/","url":"https:\/\/pogo-mtech.com\/wp-content\/uploads\/2025\/02\/POGO-M-TECH-265-scaled.jpg","contentUrl":"https:\/\/pogo-mtech.com\/wp-content\/uploads\/2025\/02\/POGO-M-TECH-265-scaled.jpg","width":2560,"height":1920,"caption":"POGO MTECH d.o.o."},"image":{"@id":"https:\/\/pogo-mtech.com\/#\/schema\/logo\/image\/"},"sameAs":["https:\/\/www.facebook.com\/pogomtech\/","https:\/\/www.youtube.com\/@Pogo-mtech","https:\/\/www.instagram.com\/pogomtech\/"]}]}},"_links":{"self":[{"href":"https:\/\/pogo-mtech.com\/en\/wp-json\/wp\/v2\/product\/1840","targetHints":{"allow":["GET"]}}],"collection":[{"href":"https:\/\/pogo-mtech.com\/en\/wp-json\/wp\/v2\/product"}],"about":[{"href":"https:\/\/pogo-mtech.com\/en\/wp-json\/wp\/v2\/types\/product"}],"wp:featuredmedia":[{"embeddable":true,"href":"https:\/\/pogo-mtech.com\/en\/wp-json\/wp\/v2\/media\/1841"}],"wp:attachment":[{"href":"https:\/\/pogo-mtech.com\/en\/wp-json\/wp\/v2\/media?parent=1840"}],"wp:term":[{"taxonomy":"product_brand","embeddable":true,"href":"https:\/\/pogo-mtech.com\/en\/wp-json\/wp\/v2\/product_brand?post=1840"},{"taxonomy":"product_cat","embeddable":true,"href":"https:\/\/pogo-mtech.com\/en\/wp-json\/wp\/v2\/product_cat?post=1840"},{"taxonomy":"product_tag","embeddable":true,"href":"https:\/\/pogo-mtech.com\/en\/wp-json\/wp\/v2\/product_tag?post=1840"}],"curies":[{"name":"wp","href":"https:\/\/api.w.org\/{rel}","templated":true}]}}