{"id":1928,"date":"2026-04-17T09:08:16","date_gmt":"2026-04-17T07:08:16","guid":{"rendered":"https:\/\/pogo-mtech.com\/?post_type=product&#038;p=1928"},"modified":"2026-04-17T09:24:22","modified_gmt":"2026-04-17T07:24:22","slug":"garaza-robotska-kosilnica-luba-yuka","status":"publish","type":"product","link":"https:\/\/pogo-mtech.com\/en\/product\/garaza-robotska-kosilnica-luba-yuka\/","title":{"rendered":"MAMMOTION Standardna gara\u017ea za vse modele LUBA in YUKA"},"content":{"rendered":"<p data-start=\"770\" data-end=\"944\"><strong data-start=\"770\" data-end=\"836\">Mammotion standardna gara\u017ea za robotske kosilnice LUBA in YUKA<\/strong> je idealna re\u0161itev za za\u0161\u010dito va\u0161e naprave pred vremenskimi vplivi in podalj\u0161anje njene \u017eivljenjske dobe.<\/p>\n<p data-start=\"946\" data-end=\"1225\">Zdru\u017eljiva je z vsemi modeli robotskih kosilnic LUBA in YUKA, kar omogo\u010da enostavno in univerzalno uporabo. Izdelana je iz vrhunskih materialov, ki u\u010dinkovito \u0161\u010ditijo pred UV-\u017earki, de\u017ejem, vetrom in drugimi zunanjimi vplivi, hkrati pa ohranjajo brezhiben videz va\u0161e kosilnice.<\/p>\n<p data-start=\"1227\" data-end=\"1522\">Trpe\u017ena in vremensko odporna konstrukcija zagotavlja, da va\u0161a robotska kosilnica ostane varna in za\u0161\u010ditena skozi vse letne \u010dase. Aerodinami\u010dna zasnova omogo\u010da hitro in enostavno namestitev ali odstranitev v manj kot 60 sekundah, kar prina\u0161a dodatno prilagodljivost pri uporabi in shranjevanju.<\/p>\n<p data-start=\"1524\" data-end=\"1649\">\u010ce \u017eelite svoji robotski kosilnici zagotoviti optimalno za\u0161\u010dito in dalj\u0161o \u017eivljenjsko dobo, je gara\u017ea Mammotion prava izbira.<\/p>","protected":false},"excerpt":{"rendered":"<p>Standardna gara\u017ea Mammotion za vse modele LUBA in YUKA nudi zanesljivo za\u0161\u010dito pred soncem, de\u017ejem in vremenskimi vplivi. Podalj\u0161ajte \u017eivljenjsko dobo va\u0161e robotske kosilnice.<\/p>","protected":false},"featured_media":1930,"template":"","meta":{"_themeisle_gutenberg_block_has_review":false},"product_brand":[],"product_cat":[60,15],"product_tag":[],"class_list":{"0":"post-1928","1":"product","2":"type-product","3":"status-publish","4":"has-post-thumbnail","6":"product_cat-mammotion","7":"product_cat-vsi","8":"product_shipping_class-mammotion","10":"first","11":"instock","12":"shipping-taxable","13":"purchasable","14":"product-type-simple"},"yoast_head":"<!-- This site is optimized with the Yoast SEO plugin v27.4 - https:\/\/yoast.com\/product\/yoast-seo-wordpress\/ -->\n<title>Gara\u017ea za robotsko kosilnico LUBA in YUKA | MAMMOTION<\/title>\n<meta name=\"description\" content=\"Za\u0161\u010ditite svojo robotsko kosilnico z Mammotion gara\u017eo za modele LUBA in YUKA. Odporna na vreme, enostavna za monta\u017eo in dolgotrajna za\u0161\u010dita.\" \/>\n<meta name=\"robots\" content=\"index, follow, max-snippet:-1, max-image-preview:large, max-video-preview:-1\" \/>\n<link rel=\"canonical\" href=\"https:\/\/pogo-mtech.com\/en\/product\/garaza-robotska-kosilnica-luba-yuka\/\" \/>\n<meta property=\"og:locale\" content=\"en_US\" \/>\n<meta property=\"og:type\" content=\"article\" \/>\n<meta property=\"og:title\" content=\"Gara\u017ea za robotsko kosilnico LUBA in YUKA | MAMMOTION\" \/>\n<meta property=\"og:description\" content=\"Za\u0161\u010ditite svojo robotsko kosilnico z Mammotion gara\u017eo za modele LUBA in YUKA. Odporna na vreme, enostavna za monta\u017eo in dolgotrajna za\u0161\u010dita.\" \/>\n<meta property=\"og:url\" content=\"https:\/\/pogo-mtech.com\/en\/product\/garaza-robotska-kosilnica-luba-yuka\/\" \/>\n<meta property=\"og:site_name\" content=\"Pogo M-Tech - Robotske kosilnice na daljinsko upravljanje\" \/>\n<meta property=\"article:publisher\" content=\"https:\/\/www.facebook.com\/pogomtech\/\" \/>\n<meta property=\"article:modified_time\" content=\"2026-04-17T07:24:22+00:00\" \/>\n<meta property=\"og:image\" content=\"https:\/\/pogo-mtech.com\/wp-content\/uploads\/2026\/04\/Luba_Garage.webp\" \/>\n\t<meta property=\"og:image:width\" content=\"800\" \/>\n\t<meta property=\"og:image:height\" content=\"800\" \/>\n\t<meta property=\"og:image:type\" content=\"image\/webp\" \/>\n<meta name=\"twitter:card\" content=\"summary_large_image\" \/>\n<meta name=\"twitter:label1\" content=\"Est. reading time\" \/>\n\t<meta name=\"twitter:data1\" content=\"1 minute\" \/>\n<script type=\"application\/ld+json\" class=\"yoast-schema-graph\">{\"@context\":\"https:\\\/\\\/schema.org\",\"@graph\":[{\"@type\":\"WebPage\",\"@id\":\"https:\\\/\\\/pogo-mtech.com\\\/product\\\/garaza-robotska-kosilnica-luba-yuka\\\/\",\"url\":\"https:\\\/\\\/pogo-mtech.com\\\/product\\\/garaza-robotska-kosilnica-luba-yuka\\\/\",\"name\":\"Gara\u017ea za robotsko kosilnico LUBA in YUKA | MAMMOTION\",\"isPartOf\":{\"@id\":\"https:\\\/\\\/pogo-mtech.com\\\/#website\"},\"primaryImageOfPage\":{\"@id\":\"https:\\\/\\\/pogo-mtech.com\\\/product\\\/garaza-robotska-kosilnica-luba-yuka\\\/#primaryimage\"},\"image\":{\"@id\":\"https:\\\/\\\/pogo-mtech.com\\\/product\\\/garaza-robotska-kosilnica-luba-yuka\\\/#primaryimage\"},\"thumbnailUrl\":\"https:\\\/\\\/pogo-mtech.com\\\/wp-content\\\/uploads\\\/2026\\\/04\\\/Luba_Garage.webp\",\"datePublished\":\"2026-04-17T07:08:16+00:00\",\"dateModified\":\"2026-04-17T07:24:22+00:00\",\"description\":\"Za\u0161\u010ditite svojo robotsko kosilnico z Mammotion gara\u017eo za modele LUBA in YUKA. Odporna na vreme, enostavna za monta\u017eo in dolgotrajna za\u0161\u010dita.\",\"breadcrumb\":{\"@id\":\"https:\\\/\\\/pogo-mtech.com\\\/product\\\/garaza-robotska-kosilnica-luba-yuka\\\/#breadcrumb\"},\"inLanguage\":\"en-US\",\"potentialAction\":[{\"@type\":\"ReadAction\",\"target\":[\"https:\\\/\\\/pogo-mtech.com\\\/product\\\/garaza-robotska-kosilnica-luba-yuka\\\/\"]}]},{\"@type\":\"ImageObject\",\"inLanguage\":\"en-US\",\"@id\":\"https:\\\/\\\/pogo-mtech.com\\\/product\\\/garaza-robotska-kosilnica-luba-yuka\\\/#primaryimage\",\"url\":\"https:\\\/\\\/pogo-mtech.com\\\/wp-content\\\/uploads\\\/2026\\\/04\\\/Luba_Garage.webp\",\"contentUrl\":\"https:\\\/\\\/pogo-mtech.com\\\/wp-content\\\/uploads\\\/2026\\\/04\\\/Luba_Garage.webp\",\"width\":800,\"height\":800},{\"@type\":\"BreadcrumbList\",\"@id\":\"https:\\\/\\\/pogo-mtech.com\\\/product\\\/garaza-robotska-kosilnica-luba-yuka\\\/#breadcrumb\",\"itemListElement\":[{\"@type\":\"ListItem\",\"position\":1,\"name\":\"Home\",\"item\":\"https:\\\/\\\/pogo-mtech.com\\\/\"},{\"@type\":\"ListItem\",\"position\":2,\"name\":\"ROBOTSKE KOSILNICE\",\"item\":\"https:\\\/\\\/pogo-mtech.com\\\/robotske-kosilnice\\\/\"},{\"@type\":\"ListItem\",\"position\":3,\"name\":\"MAMMOTION Standardna gara\u017ea za vse modele LUBA in YUKA\"}]},{\"@type\":\"WebSite\",\"@id\":\"https:\\\/\\\/pogo-mtech.com\\\/#website\",\"url\":\"https:\\\/\\\/pogo-mtech.com\\\/\",\"name\":\"Pogo M-Tech - Robotske kosilnice na daljinsko upravljanje\",\"description\":\"Revolucionarne daljinsko vodene kosilnice\",\"publisher\":{\"@id\":\"https:\\\/\\\/pogo-mtech.com\\\/#organization\"},\"alternateName\":\"Pogo M-Tech - DKosilnice na daljinca\",\"potentialAction\":[{\"@type\":\"SearchAction\",\"target\":{\"@type\":\"EntryPoint\",\"urlTemplate\":\"https:\\\/\\\/pogo-mtech.com\\\/?s={search_term_string}\"},\"query-input\":{\"@type\":\"PropertyValueSpecification\",\"valueRequired\":true,\"valueName\":\"search_term_string\"}}],\"inLanguage\":\"en-US\"},{\"@type\":\"Organization\",\"@id\":\"https:\\\/\\\/pogo-mtech.com\\\/#organization\",\"name\":\"POGO MTECH d.o.o.\",\"alternateName\":\"POGO M-TECH d.o.o.\",\"url\":\"https:\\\/\\\/pogo-mtech.com\\\/\",\"logo\":{\"@type\":\"ImageObject\",\"inLanguage\":\"en-US\",\"@id\":\"https:\\\/\\\/pogo-mtech.com\\\/#\\\/schema\\\/logo\\\/image\\\/\",\"url\":\"https:\\\/\\\/pogo-mtech.com\\\/wp-content\\\/uploads\\\/2025\\\/02\\\/POGO-M-TECH-265-scaled.jpg\",\"contentUrl\":\"https:\\\/\\\/pogo-mtech.com\\\/wp-content\\\/uploads\\\/2025\\\/02\\\/POGO-M-TECH-265-scaled.jpg\",\"width\":2560,\"height\":1920,\"caption\":\"POGO MTECH d.o.o.\"},\"image\":{\"@id\":\"https:\\\/\\\/pogo-mtech.com\\\/#\\\/schema\\\/logo\\\/image\\\/\"},\"sameAs\":[\"https:\\\/\\\/www.facebook.com\\\/pogomtech\\\/\",\"https:\\\/\\\/www.youtube.com\\\/@Pogo-mtech\",\"https:\\\/\\\/www.instagram.com\\\/pogomtech\\\/\"]}]}<\/script>\n<!-- \/ Yoast SEO plugin. -->","yoast_head_json":{"title":"Gara\u017ea za robotsko kosilnico LUBA in YUKA | MAMMOTION","description":"Za\u0161\u010ditite svojo robotsko kosilnico z Mammotion gara\u017eo za modele LUBA in YUKA. Odporna na vreme, enostavna za monta\u017eo in dolgotrajna za\u0161\u010dita.","robots":{"index":"index","follow":"follow","max-snippet":"max-snippet:-1","max-image-preview":"max-image-preview:large","max-video-preview":"max-video-preview:-1"},"canonical":"https:\/\/pogo-mtech.com\/en\/product\/garaza-robotska-kosilnica-luba-yuka\/","og_locale":"en_US","og_type":"article","og_title":"Gara\u017ea za robotsko kosilnico LUBA in YUKA | MAMMOTION","og_description":"Za\u0161\u010ditite svojo robotsko kosilnico z Mammotion gara\u017eo za modele LUBA in YUKA. Odporna na vreme, enostavna za monta\u017eo in dolgotrajna za\u0161\u010dita.","og_url":"https:\/\/pogo-mtech.com\/en\/product\/garaza-robotska-kosilnica-luba-yuka\/","og_site_name":"Pogo M-Tech - Robotske kosilnice na daljinsko upravljanje","article_publisher":"https:\/\/www.facebook.com\/pogomtech\/","article_modified_time":"2026-04-17T07:24:22+00:00","og_image":[{"width":800,"height":800,"url":"https:\/\/pogo-mtech.com\/wp-content\/uploads\/2026\/04\/Luba_Garage.webp","type":"image\/webp"}],"twitter_card":"summary_large_image","twitter_misc":{"Est. reading time":"1 minute"},"schema":{"@context":"https:\/\/schema.org","@graph":[{"@type":"WebPage","@id":"https:\/\/pogo-mtech.com\/product\/garaza-robotska-kosilnica-luba-yuka\/","url":"https:\/\/pogo-mtech.com\/product\/garaza-robotska-kosilnica-luba-yuka\/","name":"Gara\u017ea za robotsko kosilnico LUBA in YUKA | MAMMOTION","isPartOf":{"@id":"https:\/\/pogo-mtech.com\/#website"},"primaryImageOfPage":{"@id":"https:\/\/pogo-mtech.com\/product\/garaza-robotska-kosilnica-luba-yuka\/#primaryimage"},"image":{"@id":"https:\/\/pogo-mtech.com\/product\/garaza-robotska-kosilnica-luba-yuka\/#primaryimage"},"thumbnailUrl":"https:\/\/pogo-mtech.com\/wp-content\/uploads\/2026\/04\/Luba_Garage.webp","datePublished":"2026-04-17T07:08:16+00:00","dateModified":"2026-04-17T07:24:22+00:00","description":"Za\u0161\u010ditite svojo robotsko kosilnico z Mammotion gara\u017eo za modele LUBA in YUKA. Odporna na vreme, enostavna za monta\u017eo in dolgotrajna za\u0161\u010dita.","breadcrumb":{"@id":"https:\/\/pogo-mtech.com\/product\/garaza-robotska-kosilnica-luba-yuka\/#breadcrumb"},"inLanguage":"en-US","potentialAction":[{"@type":"ReadAction","target":["https:\/\/pogo-mtech.com\/product\/garaza-robotska-kosilnica-luba-yuka\/"]}]},{"@type":"ImageObject","inLanguage":"en-US","@id":"https:\/\/pogo-mtech.com\/product\/garaza-robotska-kosilnica-luba-yuka\/#primaryimage","url":"https:\/\/pogo-mtech.com\/wp-content\/uploads\/2026\/04\/Luba_Garage.webp","contentUrl":"https:\/\/pogo-mtech.com\/wp-content\/uploads\/2026\/04\/Luba_Garage.webp","width":800,"height":800},{"@type":"BreadcrumbList","@id":"https:\/\/pogo-mtech.com\/product\/garaza-robotska-kosilnica-luba-yuka\/#breadcrumb","itemListElement":[{"@type":"ListItem","position":1,"name":"Home","item":"https:\/\/pogo-mtech.com\/"},{"@type":"ListItem","position":2,"name":"ROBOTSKE KOSILNICE","item":"https:\/\/pogo-mtech.com\/robotske-kosilnice\/"},{"@type":"ListItem","position":3,"name":"MAMMOTION Standardna gara\u017ea za vse modele LUBA in YUKA"}]},{"@type":"WebSite","@id":"https:\/\/pogo-mtech.com\/#website","url":"https:\/\/pogo-mtech.com\/","name":"Pogo M-Tech - Robotic lawnmowers with remote control","description":"Revolutionary remote-controlled lawnmowers","publisher":{"@id":"https:\/\/pogo-mtech.com\/#organization"},"alternateName":"Pogo M-Tech - DKosilnice na daljinca","potentialAction":[{"@type":"SearchAction","target":{"@type":"EntryPoint","urlTemplate":"https:\/\/pogo-mtech.com\/?s={search_term_string}"},"query-input":{"@type":"PropertyValueSpecification","valueRequired":true,"valueName":"search_term_string"}}],"inLanguage":"en-US"},{"@type":"Organization","@id":"https:\/\/pogo-mtech.com\/#organization","name":"POGO MTECH d.o.o.","alternateName":"POGO M-TECH d.o.o.","url":"https:\/\/pogo-mtech.com\/","logo":{"@type":"ImageObject","inLanguage":"en-US","@id":"https:\/\/pogo-mtech.com\/#\/schema\/logo\/image\/","url":"https:\/\/pogo-mtech.com\/wp-content\/uploads\/2025\/02\/POGO-M-TECH-265-scaled.jpg","contentUrl":"https:\/\/pogo-mtech.com\/wp-content\/uploads\/2025\/02\/POGO-M-TECH-265-scaled.jpg","width":2560,"height":1920,"caption":"POGO MTECH d.o.o."},"image":{"@id":"https:\/\/pogo-mtech.com\/#\/schema\/logo\/image\/"},"sameAs":["https:\/\/www.facebook.com\/pogomtech\/","https:\/\/www.youtube.com\/@Pogo-mtech","https:\/\/www.instagram.com\/pogomtech\/"]}]}},"_links":{"self":[{"href":"https:\/\/pogo-mtech.com\/en\/wp-json\/wp\/v2\/product\/1928","targetHints":{"allow":["GET"]}}],"collection":[{"href":"https:\/\/pogo-mtech.com\/en\/wp-json\/wp\/v2\/product"}],"about":[{"href":"https:\/\/pogo-mtech.com\/en\/wp-json\/wp\/v2\/types\/product"}],"wp:featuredmedia":[{"embeddable":true,"href":"https:\/\/pogo-mtech.com\/en\/wp-json\/wp\/v2\/media\/1930"}],"wp:attachment":[{"href":"https:\/\/pogo-mtech.com\/en\/wp-json\/wp\/v2\/media?parent=1928"}],"wp:term":[{"taxonomy":"product_brand","embeddable":true,"href":"https:\/\/pogo-mtech.com\/en\/wp-json\/wp\/v2\/product_brand?post=1928"},{"taxonomy":"product_cat","embeddable":true,"href":"https:\/\/pogo-mtech.com\/en\/wp-json\/wp\/v2\/product_cat?post=1928"},{"taxonomy":"product_tag","embeddable":true,"href":"https:\/\/pogo-mtech.com\/en\/wp-json\/wp\/v2\/product_tag?post=1928"}],"curies":[{"name":"wp","href":"https:\/\/api.w.org\/{rel}","templated":true}]}}