{"id":932,"date":"2025-02-11T13:15:42","date_gmt":"2025-02-11T12:15:42","guid":{"rendered":"https:\/\/pogo-mtech.com\/?post_type=product&#038;p=932"},"modified":"2026-03-09T13:44:20","modified_gmt":"2026-03-09T12:44:20","slug":"pogo-m-tech-cosmo-premium-90cm","status":"publish","type":"product","link":"https:\/\/pogo-mtech.com\/en\/product\/pogo-m-tech-cosmo-premium-90cm\/","title":{"rendered":"POGO MTECH COSMO PREMIUM 90cm"},"content":{"rendered":"<p><strong>Pogo M-Tech COSMO PREMIUM<br \/>\n<\/strong><strong>\"A revolutionary remote-controlled lawn mower for all terrains, combining innovation, performance, and unmatched efficiency.\"<\/strong><\/p>\n<p data-start=\"123\" data-end=\"585\">The Pogo M-Tech COSMO line features our most advanced models in the rotary mulcher category, designed for both private and professional use on all types of terrain. Its tank-like design ensures exceptional stability and power, making it ideal for mowing dense grass, overgrown areas, and challenging terrains.<\/p>\n<p data-start=\"123\" data-end=\"585\">The mower is equipped with a powerful 764 cm\u00b3 engine that delivers uncompromising power to handle large areas, weed removal and demanding tasks on steep slopes. The remote control allows comfortable and safe operation up to 200 metres, ideal for mowing larger areas. With a cutting width of 900 mm and adjustable cutting height from 20 to 150 mm, it provides fast and flexible results on a wide range of terrain types. It can mow up to 5000 m\u00b2 per hour, saving you time and reducing labour costs. The steel-inserted tracks provide excellent grip, allowing you to mow smoothly even on steep slopes, woodland, road verges and embankments.<\/p>\n<p data-start=\"1455\" data-end=\"1716\">Pogo M-Tech COSMO is the ideal choice for agriculture, orchards, municipal areas, forested terrains, embankments, and large private properties. It is designed for those seeking uncompromising power, reliability, and high efficiency when mowing everything from simple to the most demanding terrains.<\/p>\n<p>The engine protection cover enhances durability and shields the mower from potential hazards such as small rocks, hard branches, or dirt, thereby extending its lifespan.<\/p>","protected":false},"excerpt":{"rendered":"<p><strong>\"A revolutionary remote-controlled lawn mower for all terrains, combining innovation, performance, and unmatched efficiency.\"<\/strong><\/p>\n<p data-start=\"123\" data-end=\"585\">The Pogo M-Tech COSMO line features our most advanced models in the rotary mulcher category, designed for both private and professional use on all types of terrain. Its tank-like design ensures exceptional stability and power, making it ideal for mowing dense grass, overgrown areas, and challenging terrains.<\/p>","protected":false},"featured_media":934,"template":"","meta":{"_themeisle_gutenberg_block_has_review":false},"product_brand":[41],"product_cat":[59,15],"product_tag":[49,50,43,47,46,45,44,42,48],"class_list":{"0":"post-932","1":"product","2":"type-product","3":"status-publish","4":"has-post-thumbnail","6":"product_brand-pogo-m-tech","7":"product_cat-pogo-mtech","8":"product_cat-vsi","9":"product_tag-daljinska-kosilnica","10":"product_tag-daljinsko-vodena-kosilnica","11":"product_tag-kosilnica","12":"product_tag-kosilnica-za-hribe","13":"product_tag-kosilnica-za-teren","14":"product_tag-kosnja-sadovnjakov","15":"product_tag-kosnja-vinogradov","16":"product_tag-robotska-kosilnica","17":"product_tag-terenska-kosilnica","19":"first","20":"instock","21":"shipping-taxable","22":"purchasable","23":"product-type-simple"},"yoast_head":"<!-- This site is optimized with the Yoast SEO plugin v27.4 - https:\/\/yoast.com\/product\/yoast-seo-wordpress\/ -->\n<title>POGO MTECH COSMO PREMIUM 90cm | Pogo M-Tech - Robotske kosilnice na daljinsko upravljanje<\/title>\n<meta name=\"robots\" content=\"index, follow, max-snippet:-1, max-image-preview:large, max-video-preview:-1\" \/>\n<link rel=\"canonical\" href=\"https:\/\/pogo-mtech.com\/en\/product\/pogo-m-tech-cosmo-premium-90cm\/\" \/>\n<meta property=\"og:locale\" content=\"en_US\" \/>\n<meta property=\"og:type\" content=\"article\" \/>\n<meta property=\"og:title\" content=\"POGO MTECH COSMO PREMIUM 90cm | Pogo M-Tech - Robotske kosilnice na daljinsko upravljanje\" \/>\n<meta property=\"og:description\" content=\"&quot;Revolucionarna daljinsko vodena kosilnica za vse terene, ki zdru\u017euje inovacije, zmogljivost in neprekosljivo u\u010dinkovitost.&quot; Pogo M-Tech COSMO linija zajema na\u0161e najnaprednej\u0161e modele v kategoriji rotacijskih mul\u010derjev, zasnovane za privatno in profesionalno uporabo na vseh vrstah terenov. Njena zasnova, podobna tanku, zagotavlja izjemno stabilnost in mo\u010d, zaradi \u010desar je idealna za ko\u0161njo bujnih trav, neurejenih povr\u0161in in zahtevnih terenov.\" \/>\n<meta property=\"og:url\" content=\"https:\/\/pogo-mtech.com\/en\/product\/pogo-m-tech-cosmo-premium-90cm\/\" \/>\n<meta property=\"og:site_name\" content=\"Pogo M-Tech - Robotske kosilnice na daljinsko upravljanje\" \/>\n<meta property=\"article:publisher\" content=\"https:\/\/www.facebook.com\/pogomtech\/\" \/>\n<meta property=\"article:modified_time\" content=\"2026-03-09T12:44:20+00:00\" \/>\n<meta property=\"og:image\" content=\"https:\/\/pogo-mtech.com\/wp-content\/uploads\/2025\/02\/Brez-naslova-1400-x-1400-pik-1.png\" \/>\n\t<meta property=\"og:image:width\" content=\"1400\" \/>\n\t<meta property=\"og:image:height\" content=\"1400\" \/>\n\t<meta property=\"og:image:type\" content=\"image\/png\" \/>\n<meta name=\"twitter:card\" content=\"summary_large_image\" \/>\n<meta name=\"twitter:label1\" content=\"Est. reading time\" \/>\n\t<meta name=\"twitter:data1\" content=\"2 minutes\" \/>\n<script type=\"application\/ld+json\" class=\"yoast-schema-graph\">{\"@context\":\"https:\\\/\\\/schema.org\",\"@graph\":[{\"@type\":\"WebPage\",\"@id\":\"https:\\\/\\\/pogo-mtech.com\\\/product\\\/pogo-m-tech-cosmo-premium-90cm\\\/\",\"url\":\"https:\\\/\\\/pogo-mtech.com\\\/product\\\/pogo-m-tech-cosmo-premium-90cm\\\/\",\"name\":\"POGO MTECH COSMO PREMIUM 90cm | Pogo M-Tech - Robotske kosilnice na daljinsko upravljanje\",\"isPartOf\":{\"@id\":\"https:\\\/\\\/pogo-mtech.com\\\/#website\"},\"primaryImageOfPage\":{\"@id\":\"https:\\\/\\\/pogo-mtech.com\\\/product\\\/pogo-m-tech-cosmo-premium-90cm\\\/#primaryimage\"},\"image\":{\"@id\":\"https:\\\/\\\/pogo-mtech.com\\\/product\\\/pogo-m-tech-cosmo-premium-90cm\\\/#primaryimage\"},\"thumbnailUrl\":\"https:\\\/\\\/pogo-mtech.com\\\/wp-content\\\/uploads\\\/2025\\\/02\\\/Brez-naslova-1400-x-1400-pik-1.png\",\"datePublished\":\"2025-02-11T12:15:42+00:00\",\"dateModified\":\"2026-03-09T12:44:20+00:00\",\"breadcrumb\":{\"@id\":\"https:\\\/\\\/pogo-mtech.com\\\/product\\\/pogo-m-tech-cosmo-premium-90cm\\\/#breadcrumb\"},\"inLanguage\":\"en-US\",\"potentialAction\":[{\"@type\":\"ReadAction\",\"target\":[\"https:\\\/\\\/pogo-mtech.com\\\/product\\\/pogo-m-tech-cosmo-premium-90cm\\\/\"]}]},{\"@type\":\"ImageObject\",\"inLanguage\":\"en-US\",\"@id\":\"https:\\\/\\\/pogo-mtech.com\\\/product\\\/pogo-m-tech-cosmo-premium-90cm\\\/#primaryimage\",\"url\":\"https:\\\/\\\/pogo-mtech.com\\\/wp-content\\\/uploads\\\/2025\\\/02\\\/Brez-naslova-1400-x-1400-pik-1.png\",\"contentUrl\":\"https:\\\/\\\/pogo-mtech.com\\\/wp-content\\\/uploads\\\/2025\\\/02\\\/Brez-naslova-1400-x-1400-pik-1.png\",\"width\":1400,\"height\":1400},{\"@type\":\"BreadcrumbList\",\"@id\":\"https:\\\/\\\/pogo-mtech.com\\\/product\\\/pogo-m-tech-cosmo-premium-90cm\\\/#breadcrumb\",\"itemListElement\":[{\"@type\":\"ListItem\",\"position\":1,\"name\":\"Home\",\"item\":\"https:\\\/\\\/pogo-mtech.com\\\/\"},{\"@type\":\"ListItem\",\"position\":2,\"name\":\"ROBOTSKE KOSILNICE\",\"item\":\"https:\\\/\\\/pogo-mtech.com\\\/robotske-kosilnice\\\/\"},{\"@type\":\"ListItem\",\"position\":3,\"name\":\"POGO MTECH COSMO PREMIUM 90cm\"}]},{\"@type\":\"WebSite\",\"@id\":\"https:\\\/\\\/pogo-mtech.com\\\/#website\",\"url\":\"https:\\\/\\\/pogo-mtech.com\\\/\",\"name\":\"Pogo M-Tech - Robotske kosilnice na daljinsko upravljanje\",\"description\":\"Revolucionarne daljinsko vodene kosilnice\",\"publisher\":{\"@id\":\"https:\\\/\\\/pogo-mtech.com\\\/#organization\"},\"alternateName\":\"Pogo M-Tech - DKosilnice na daljinca\",\"potentialAction\":[{\"@type\":\"SearchAction\",\"target\":{\"@type\":\"EntryPoint\",\"urlTemplate\":\"https:\\\/\\\/pogo-mtech.com\\\/?s={search_term_string}\"},\"query-input\":{\"@type\":\"PropertyValueSpecification\",\"valueRequired\":true,\"valueName\":\"search_term_string\"}}],\"inLanguage\":\"en-US\"},{\"@type\":\"Organization\",\"@id\":\"https:\\\/\\\/pogo-mtech.com\\\/#organization\",\"name\":\"POGO MTECH d.o.o.\",\"alternateName\":\"POGO M-TECH d.o.o.\",\"url\":\"https:\\\/\\\/pogo-mtech.com\\\/\",\"logo\":{\"@type\":\"ImageObject\",\"inLanguage\":\"en-US\",\"@id\":\"https:\\\/\\\/pogo-mtech.com\\\/#\\\/schema\\\/logo\\\/image\\\/\",\"url\":\"https:\\\/\\\/pogo-mtech.com\\\/wp-content\\\/uploads\\\/2025\\\/02\\\/POGO-M-TECH-265-scaled.jpg\",\"contentUrl\":\"https:\\\/\\\/pogo-mtech.com\\\/wp-content\\\/uploads\\\/2025\\\/02\\\/POGO-M-TECH-265-scaled.jpg\",\"width\":2560,\"height\":1920,\"caption\":\"POGO MTECH d.o.o.\"},\"image\":{\"@id\":\"https:\\\/\\\/pogo-mtech.com\\\/#\\\/schema\\\/logo\\\/image\\\/\"},\"sameAs\":[\"https:\\\/\\\/www.facebook.com\\\/pogomtech\\\/\",\"https:\\\/\\\/www.youtube.com\\\/@Pogo-mtech\",\"https:\\\/\\\/www.instagram.com\\\/pogomtech\\\/\"]}]}<\/script>\n<!-- \/ Yoast SEO plugin. -->","yoast_head_json":{"title":"POGO MTECH COSMO PREMIUM 90cm | Pogo M-Tech - Robotske kosilnice na daljinsko upravljanje","robots":{"index":"index","follow":"follow","max-snippet":"max-snippet:-1","max-image-preview":"max-image-preview:large","max-video-preview":"max-video-preview:-1"},"canonical":"https:\/\/pogo-mtech.com\/en\/product\/pogo-m-tech-cosmo-premium-90cm\/","og_locale":"en_US","og_type":"article","og_title":"POGO MTECH COSMO PREMIUM 90cm | Pogo M-Tech - Robotske kosilnice na daljinsko upravljanje","og_description":"\"Revolucionarna daljinsko vodena kosilnica za vse terene, ki zdru\u017euje inovacije, zmogljivost in neprekosljivo u\u010dinkovitost.\" Pogo M-Tech COSMO linija zajema na\u0161e najnaprednej\u0161e modele v kategoriji rotacijskih mul\u010derjev, zasnovane za privatno in profesionalno uporabo na vseh vrstah terenov. Njena zasnova, podobna tanku, zagotavlja izjemno stabilnost in mo\u010d, zaradi \u010desar je idealna za ko\u0161njo bujnih trav, neurejenih povr\u0161in in zahtevnih terenov.","og_url":"https:\/\/pogo-mtech.com\/en\/product\/pogo-m-tech-cosmo-premium-90cm\/","og_site_name":"Pogo M-Tech - Robotske kosilnice na daljinsko upravljanje","article_publisher":"https:\/\/www.facebook.com\/pogomtech\/","article_modified_time":"2026-03-09T12:44:20+00:00","og_image":[{"width":1400,"height":1400,"url":"https:\/\/pogo-mtech.com\/wp-content\/uploads\/2025\/02\/Brez-naslova-1400-x-1400-pik-1.png","type":"image\/png"}],"twitter_card":"summary_large_image","twitter_misc":{"Est. reading time":"2 minutes"},"schema":{"@context":"https:\/\/schema.org","@graph":[{"@type":"WebPage","@id":"https:\/\/pogo-mtech.com\/product\/pogo-m-tech-cosmo-premium-90cm\/","url":"https:\/\/pogo-mtech.com\/product\/pogo-m-tech-cosmo-premium-90cm\/","name":"POGO MTECH COSMO PREMIUM 90cm | Pogo M-Tech - Robotske kosilnice na daljinsko upravljanje","isPartOf":{"@id":"https:\/\/pogo-mtech.com\/#website"},"primaryImageOfPage":{"@id":"https:\/\/pogo-mtech.com\/product\/pogo-m-tech-cosmo-premium-90cm\/#primaryimage"},"image":{"@id":"https:\/\/pogo-mtech.com\/product\/pogo-m-tech-cosmo-premium-90cm\/#primaryimage"},"thumbnailUrl":"https:\/\/pogo-mtech.com\/wp-content\/uploads\/2025\/02\/Brez-naslova-1400-x-1400-pik-1.png","datePublished":"2025-02-11T12:15:42+00:00","dateModified":"2026-03-09T12:44:20+00:00","breadcrumb":{"@id":"https:\/\/pogo-mtech.com\/product\/pogo-m-tech-cosmo-premium-90cm\/#breadcrumb"},"inLanguage":"en-US","potentialAction":[{"@type":"ReadAction","target":["https:\/\/pogo-mtech.com\/product\/pogo-m-tech-cosmo-premium-90cm\/"]}]},{"@type":"ImageObject","inLanguage":"en-US","@id":"https:\/\/pogo-mtech.com\/product\/pogo-m-tech-cosmo-premium-90cm\/#primaryimage","url":"https:\/\/pogo-mtech.com\/wp-content\/uploads\/2025\/02\/Brez-naslova-1400-x-1400-pik-1.png","contentUrl":"https:\/\/pogo-mtech.com\/wp-content\/uploads\/2025\/02\/Brez-naslova-1400-x-1400-pik-1.png","width":1400,"height":1400},{"@type":"BreadcrumbList","@id":"https:\/\/pogo-mtech.com\/product\/pogo-m-tech-cosmo-premium-90cm\/#breadcrumb","itemListElement":[{"@type":"ListItem","position":1,"name":"Home","item":"https:\/\/pogo-mtech.com\/"},{"@type":"ListItem","position":2,"name":"ROBOTSKE KOSILNICE","item":"https:\/\/pogo-mtech.com\/robotske-kosilnice\/"},{"@type":"ListItem","position":3,"name":"POGO MTECH COSMO PREMIUM 90cm"}]},{"@type":"WebSite","@id":"https:\/\/pogo-mtech.com\/#website","url":"https:\/\/pogo-mtech.com\/","name":"Pogo M-Tech - Robotic lawnmowers with remote control","description":"Revolutionary remote-controlled lawnmowers","publisher":{"@id":"https:\/\/pogo-mtech.com\/#organization"},"alternateName":"Pogo M-Tech - DKosilnice na daljinca","potentialAction":[{"@type":"SearchAction","target":{"@type":"EntryPoint","urlTemplate":"https:\/\/pogo-mtech.com\/?s={search_term_string}"},"query-input":{"@type":"PropertyValueSpecification","valueRequired":true,"valueName":"search_term_string"}}],"inLanguage":"en-US"},{"@type":"Organization","@id":"https:\/\/pogo-mtech.com\/#organization","name":"POGO MTECH d.o.o.","alternateName":"POGO M-TECH d.o.o.","url":"https:\/\/pogo-mtech.com\/","logo":{"@type":"ImageObject","inLanguage":"en-US","@id":"https:\/\/pogo-mtech.com\/#\/schema\/logo\/image\/","url":"https:\/\/pogo-mtech.com\/wp-content\/uploads\/2025\/02\/POGO-M-TECH-265-scaled.jpg","contentUrl":"https:\/\/pogo-mtech.com\/wp-content\/uploads\/2025\/02\/POGO-M-TECH-265-scaled.jpg","width":2560,"height":1920,"caption":"POGO MTECH d.o.o."},"image":{"@id":"https:\/\/pogo-mtech.com\/#\/schema\/logo\/image\/"},"sameAs":["https:\/\/www.facebook.com\/pogomtech\/","https:\/\/www.youtube.com\/@Pogo-mtech","https:\/\/www.instagram.com\/pogomtech\/"]}]}},"_links":{"self":[{"href":"https:\/\/pogo-mtech.com\/en\/wp-json\/wp\/v2\/product\/932","targetHints":{"allow":["GET"]}}],"collection":[{"href":"https:\/\/pogo-mtech.com\/en\/wp-json\/wp\/v2\/product"}],"about":[{"href":"https:\/\/pogo-mtech.com\/en\/wp-json\/wp\/v2\/types\/product"}],"wp:featuredmedia":[{"embeddable":true,"href":"https:\/\/pogo-mtech.com\/en\/wp-json\/wp\/v2\/media\/934"}],"wp:attachment":[{"href":"https:\/\/pogo-mtech.com\/en\/wp-json\/wp\/v2\/media?parent=932"}],"wp:term":[{"taxonomy":"product_brand","embeddable":true,"href":"https:\/\/pogo-mtech.com\/en\/wp-json\/wp\/v2\/product_brand?post=932"},{"taxonomy":"product_cat","embeddable":true,"href":"https:\/\/pogo-mtech.com\/en\/wp-json\/wp\/v2\/product_cat?post=932"},{"taxonomy":"product_tag","embeddable":true,"href":"https:\/\/pogo-mtech.com\/en\/wp-json\/wp\/v2\/product_tag?post=932"}],"curies":[{"name":"wp","href":"https:\/\/api.w.org\/{rel}","templated":true}]}}