{"id":1072,"date":"2025-02-13T11:29:17","date_gmt":"2025-02-13T10:29:17","guid":{"rendered":"https:\/\/pogo-mtech.com\/?post_type=product&#038;p=1072"},"modified":"2026-04-17T09:57:50","modified_gmt":"2026-04-17T07:57:50","slug":"cosmo-100cm","status":"publish","type":"product","link":"https:\/\/pogo-mtech.com\/hr\/product\/cosmo-100cm\/","title":{"rendered":"POGO MTECH COSMO 100 cm"},"content":{"rendered":"<p><strong>Pogo M-Tech COSMO \u2013 Revolucionarna kosilica za sve terene na daljinsko upravljanje<\/strong><\/p>\n<p data-start=\"123\" data-end=\"585\">Pogo M-Tech COSMO linija uklju\u010duje na\u0161e najnaprednije modele u kategoriji rotacijskih mal\u010dera, dizajniranih za privatnu i profesionalnu uporabu na svim vrstama terena. Njegov dizajn poput spremnika pru\u017ea iznimnu stabilnost i snagu, \u0161to ga \u010dini idealnim za ko\u0161nju bujne trave, neure\u0111enih podru\u010dja i zahtjevnih terena.<\/p>\n<p data-start=\"123\" data-end=\"585\">Kosilica je opremljena sna\u017enim motorom zapremine 764 cm\u00b3 koji pru\u017ea nekompromisnu snagu za obradu ve\u0107ih povr\u0161ina, uklanjanje korova i obavljanje zahtjevnih zadataka na strmim padinama. Daljinski upravlja\u010d omogu\u0107uje udobnu i sigurnu upotrebu na udaljenosti do 200 metara, \u0161to je idealno za ko\u0161enje ve\u0107ih povr\u0161ina. S radnom \u0161irinom od 1000 mm i podesivom visinom rezanja od 20 do 200 mm, pru\u017ea brze i fleksibilne rezultate na raznim terenima. Mo\u017ee pokositi do 6000 m\u00b2 po satu, \u0161tede\u0107i vam vrijeme i smanjuju\u0107i tro\u0161kove rada. Gumeni transporteri sa \u010deli\u010dnim umetcima pru\u017eaju izvrsnu vu\u010du, \u0161to omogu\u0107uje bezbri\u017eno ko\u0161enje \u010dak i na strmim padinama, \u0161umskim podru\u010djima, rubovima cesta i nasipima.<\/p>\n<p data-start=\"1455\" data-end=\"1716\">Pogo M-Tech COSMO je idealan izbor za poljoprivredu, vo\u0107njake, komunalna podru\u010dja, \u0161umska podru\u010dja, nasipe i velike privatne povr\u0161ine. Dizajniran za one koji tra\u017ee beskompromisnu snagu, pouzdanost i visoku u\u010dinkovitost pri ko\u0161nji od jednostavnog do najzahtjevnijeg terena.<\/p>","protected":false},"excerpt":{"rendered":"<p>Pogo M-Tech COSMO linija uklju\u010duje na\u0161e najnaprednije modele u kategoriji rotacijskih mal\u010dera, dizajniranih za privatnu i profesionalnu uporabu na svim vrstama terena. Njegov dizajn poput spremnika pru\u017ea iznimnu stabilnost i snagu, \u0161to ga \u010dini idealnim za ko\u0161nju bujne trave, neure\u0111enih podru\u010dja i zahtjevnih terena.<\/p>","protected":false},"featured_media":909,"template":"","meta":{"_themeisle_gutenberg_block_has_review":false},"product_brand":[41],"product_cat":[59,15],"product_tag":[49,50,43,47,46,45,44,42,48],"class_list":{"0":"post-1072","1":"product","2":"type-product","3":"status-publish","4":"has-post-thumbnail","6":"product_brand-pogo-m-tech","7":"product_cat-pogo-mtech","8":"product_cat-vsi","9":"product_tag-daljinska-kosilnica","10":"product_tag-daljinsko-vodena-kosilnica","11":"product_tag-kosilnica","12":"product_tag-kosilnica-za-hribe","13":"product_tag-kosilnica-za-teren","14":"product_tag-kosnja-sadovnjakov","15":"product_tag-kosnja-vinogradov","16":"product_tag-robotska-kosilnica","17":"product_tag-terenska-kosilnica","18":"product_shipping_class-pogo","20":"first","21":"instock","22":"shipping-taxable","23":"purchasable","24":"product-type-simple"},"yoast_head":"<!-- This site is optimized with the Yoast SEO plugin v27.4 - https:\/\/yoast.com\/product\/yoast-seo-wordpress\/ -->\n<title>POGO MTECH COSMO 100cm | Pogo M-Tech - Robotske kosilnice na daljinsko upravljanje<\/title>\n<meta name=\"robots\" content=\"index, follow, max-snippet:-1, max-image-preview:large, max-video-preview:-1\" \/>\n<link rel=\"canonical\" href=\"https:\/\/pogo-mtech.com\/hr\/product\/cosmo-100cm\/\" \/>\n<meta property=\"og:locale\" content=\"hr_HR\" \/>\n<meta property=\"og:type\" content=\"article\" \/>\n<meta property=\"og:title\" content=\"POGO MTECH COSMO 100cm | Pogo M-Tech - Robotske kosilnice na daljinsko upravljanje\" \/>\n<meta property=\"og:description\" content=\"Pogo M-Tech COSMO linija zajema na\u0161e najnaprednej\u0161e modele v kategoriji rotacijskih mul\u010derjev, zasnovane za privatno in profesionalno uporabo na vseh vrstah terenov. Njena zasnova, podobna tanku, zagotavlja izjemno stabilnost in mo\u010d, zaradi \u010desar je idealna za ko\u0161njo bujnih trav, neurejenih povr\u0161in in zahtevnih terenov.\" \/>\n<meta property=\"og:url\" content=\"https:\/\/pogo-mtech.com\/hr\/product\/cosmo-100cm\/\" \/>\n<meta property=\"og:site_name\" content=\"Pogo M-Tech - Robotske kosilnice na daljinsko upravljanje\" \/>\n<meta property=\"article:publisher\" content=\"https:\/\/www.facebook.com\/pogomtech\/\" \/>\n<meta property=\"article:modified_time\" content=\"2026-04-17T07:57:50+00:00\" \/>\n<meta property=\"og:image\" content=\"https:\/\/pogo-mtech.com\/wp-content\/uploads\/2025\/02\/Brez-naslova-1400-x-1400-pik.png\" \/>\n\t<meta property=\"og:image:width\" content=\"1400\" \/>\n\t<meta property=\"og:image:height\" content=\"1400\" \/>\n\t<meta property=\"og:image:type\" content=\"image\/png\" \/>\n<meta name=\"twitter:card\" content=\"summary_large_image\" \/>\n<meta name=\"twitter:label1\" content=\"Procijenjeno vrijeme \u010ditanja\" \/>\n\t<meta name=\"twitter:data1\" content=\"2 minute\" \/>\n<script type=\"application\/ld+json\" class=\"yoast-schema-graph\">{\"@context\":\"https:\\\/\\\/schema.org\",\"@graph\":[{\"@type\":\"WebPage\",\"@id\":\"https:\\\/\\\/pogo-mtech.com\\\/product\\\/cosmo-100cm\\\/\",\"url\":\"https:\\\/\\\/pogo-mtech.com\\\/product\\\/cosmo-100cm\\\/\",\"name\":\"POGO MTECH COSMO 100cm | Pogo M-Tech - Robotske kosilnice na daljinsko upravljanje\",\"isPartOf\":{\"@id\":\"https:\\\/\\\/pogo-mtech.com\\\/#website\"},\"primaryImageOfPage\":{\"@id\":\"https:\\\/\\\/pogo-mtech.com\\\/product\\\/cosmo-100cm\\\/#primaryimage\"},\"image\":{\"@id\":\"https:\\\/\\\/pogo-mtech.com\\\/product\\\/cosmo-100cm\\\/#primaryimage\"},\"thumbnailUrl\":\"https:\\\/\\\/pogo-mtech.com\\\/wp-content\\\/uploads\\\/2025\\\/02\\\/Brez-naslova-1400-x-1400-pik.png\",\"datePublished\":\"2025-02-13T10:29:17+00:00\",\"dateModified\":\"2026-04-17T07:57:50+00:00\",\"breadcrumb\":{\"@id\":\"https:\\\/\\\/pogo-mtech.com\\\/product\\\/cosmo-100cm\\\/#breadcrumb\"},\"inLanguage\":\"hr\",\"potentialAction\":[{\"@type\":\"ReadAction\",\"target\":[\"https:\\\/\\\/pogo-mtech.com\\\/product\\\/cosmo-100cm\\\/\"]}]},{\"@type\":\"ImageObject\",\"inLanguage\":\"hr\",\"@id\":\"https:\\\/\\\/pogo-mtech.com\\\/product\\\/cosmo-100cm\\\/#primaryimage\",\"url\":\"https:\\\/\\\/pogo-mtech.com\\\/wp-content\\\/uploads\\\/2025\\\/02\\\/Brez-naslova-1400-x-1400-pik.png\",\"contentUrl\":\"https:\\\/\\\/pogo-mtech.com\\\/wp-content\\\/uploads\\\/2025\\\/02\\\/Brez-naslova-1400-x-1400-pik.png\",\"width\":1400,\"height\":1400},{\"@type\":\"BreadcrumbList\",\"@id\":\"https:\\\/\\\/pogo-mtech.com\\\/product\\\/cosmo-100cm\\\/#breadcrumb\",\"itemListElement\":[{\"@type\":\"ListItem\",\"position\":1,\"name\":\"Home\",\"item\":\"https:\\\/\\\/pogo-mtech.com\\\/\"},{\"@type\":\"ListItem\",\"position\":2,\"name\":\"ROBOTSKE KOSILNICE\",\"item\":\"https:\\\/\\\/pogo-mtech.com\\\/robotske-kosilnice\\\/\"},{\"@type\":\"ListItem\",\"position\":3,\"name\":\"POGO MTECH COSMO 100cm\"}]},{\"@type\":\"WebSite\",\"@id\":\"https:\\\/\\\/pogo-mtech.com\\\/#website\",\"url\":\"https:\\\/\\\/pogo-mtech.com\\\/\",\"name\":\"Pogo M-Tech - Robotske kosilnice na daljinsko upravljanje\",\"description\":\"Revolucionarne daljinsko vodene kosilnice\",\"publisher\":{\"@id\":\"https:\\\/\\\/pogo-mtech.com\\\/#organization\"},\"alternateName\":\"Pogo M-Tech - DKosilnice na daljinca\",\"potentialAction\":[{\"@type\":\"SearchAction\",\"target\":{\"@type\":\"EntryPoint\",\"urlTemplate\":\"https:\\\/\\\/pogo-mtech.com\\\/?s={search_term_string}\"},\"query-input\":{\"@type\":\"PropertyValueSpecification\",\"valueRequired\":true,\"valueName\":\"search_term_string\"}}],\"inLanguage\":\"hr\"},{\"@type\":\"Organization\",\"@id\":\"https:\\\/\\\/pogo-mtech.com\\\/#organization\",\"name\":\"POGO MTECH d.o.o.\",\"alternateName\":\"POGO M-TECH d.o.o.\",\"url\":\"https:\\\/\\\/pogo-mtech.com\\\/\",\"logo\":{\"@type\":\"ImageObject\",\"inLanguage\":\"hr\",\"@id\":\"https:\\\/\\\/pogo-mtech.com\\\/#\\\/schema\\\/logo\\\/image\\\/\",\"url\":\"https:\\\/\\\/pogo-mtech.com\\\/wp-content\\\/uploads\\\/2025\\\/02\\\/POGO-M-TECH-265-scaled.jpg\",\"contentUrl\":\"https:\\\/\\\/pogo-mtech.com\\\/wp-content\\\/uploads\\\/2025\\\/02\\\/POGO-M-TECH-265-scaled.jpg\",\"width\":2560,\"height\":1920,\"caption\":\"POGO MTECH d.o.o.\"},\"image\":{\"@id\":\"https:\\\/\\\/pogo-mtech.com\\\/#\\\/schema\\\/logo\\\/image\\\/\"},\"sameAs\":[\"https:\\\/\\\/www.facebook.com\\\/pogomtech\\\/\",\"https:\\\/\\\/www.youtube.com\\\/@Pogo-mtech\",\"https:\\\/\\\/www.instagram.com\\\/pogomtech\\\/\"]}]}<\/script>\n<!-- \/ Yoast SEO plugin. -->","yoast_head_json":{"title":"POGO MTECH COSMO 100cm | Pogo M-Tech - Robotske kosilnice na daljinsko upravljanje","robots":{"index":"index","follow":"follow","max-snippet":"max-snippet:-1","max-image-preview":"max-image-preview:large","max-video-preview":"max-video-preview:-1"},"canonical":"https:\/\/pogo-mtech.com\/hr\/product\/cosmo-100cm\/","og_locale":"hr_HR","og_type":"article","og_title":"POGO MTECH COSMO 100cm | Pogo M-Tech - Robotske kosilnice na daljinsko upravljanje","og_description":"Pogo M-Tech COSMO linija zajema na\u0161e najnaprednej\u0161e modele v kategoriji rotacijskih mul\u010derjev, zasnovane za privatno in profesionalno uporabo na vseh vrstah terenov. Njena zasnova, podobna tanku, zagotavlja izjemno stabilnost in mo\u010d, zaradi \u010desar je idealna za ko\u0161njo bujnih trav, neurejenih povr\u0161in in zahtevnih terenov.","og_url":"https:\/\/pogo-mtech.com\/hr\/product\/cosmo-100cm\/","og_site_name":"Pogo M-Tech - Robotske kosilnice na daljinsko upravljanje","article_publisher":"https:\/\/www.facebook.com\/pogomtech\/","article_modified_time":"2026-04-17T07:57:50+00:00","og_image":[{"width":1400,"height":1400,"url":"https:\/\/pogo-mtech.com\/wp-content\/uploads\/2025\/02\/Brez-naslova-1400-x-1400-pik.png","type":"image\/png"}],"twitter_card":"summary_large_image","twitter_misc":{"Procijenjeno vrijeme \u010ditanja":"2 minute"},"schema":{"@context":"https:\/\/schema.org","@graph":[{"@type":"WebPage","@id":"https:\/\/pogo-mtech.com\/product\/cosmo-100cm\/","url":"https:\/\/pogo-mtech.com\/product\/cosmo-100cm\/","name":"POGO MTECH COSMO 100cm | Pogo M-Tech - Robotske kosilnice na daljinsko upravljanje","isPartOf":{"@id":"https:\/\/pogo-mtech.com\/#website"},"primaryImageOfPage":{"@id":"https:\/\/pogo-mtech.com\/product\/cosmo-100cm\/#primaryimage"},"image":{"@id":"https:\/\/pogo-mtech.com\/product\/cosmo-100cm\/#primaryimage"},"thumbnailUrl":"https:\/\/pogo-mtech.com\/wp-content\/uploads\/2025\/02\/Brez-naslova-1400-x-1400-pik.png","datePublished":"2025-02-13T10:29:17+00:00","dateModified":"2026-04-17T07:57:50+00:00","breadcrumb":{"@id":"https:\/\/pogo-mtech.com\/product\/cosmo-100cm\/#breadcrumb"},"inLanguage":"hr","potentialAction":[{"@type":"ReadAction","target":["https:\/\/pogo-mtech.com\/product\/cosmo-100cm\/"]}]},{"@type":"ImageObject","inLanguage":"hr","@id":"https:\/\/pogo-mtech.com\/product\/cosmo-100cm\/#primaryimage","url":"https:\/\/pogo-mtech.com\/wp-content\/uploads\/2025\/02\/Brez-naslova-1400-x-1400-pik.png","contentUrl":"https:\/\/pogo-mtech.com\/wp-content\/uploads\/2025\/02\/Brez-naslova-1400-x-1400-pik.png","width":1400,"height":1400},{"@type":"BreadcrumbList","@id":"https:\/\/pogo-mtech.com\/product\/cosmo-100cm\/#breadcrumb","itemListElement":[{"@type":"ListItem","position":1,"name":"Home","item":"https:\/\/pogo-mtech.com\/"},{"@type":"ListItem","position":2,"name":"ROBOTSKE KOSILNICE","item":"https:\/\/pogo-mtech.com\/robotske-kosilnice\/"},{"@type":"ListItem","position":3,"name":"POGO MTECH COSMO 100cm"}]},{"@type":"WebSite","@id":"https:\/\/pogo-mtech.com\/#website","url":"https:\/\/pogo-mtech.com\/","name":"Pogo M-Tech - Daljinski upravljani robotski kosilice","description":"Revolucionarne daljinski upravljane kosilice","publisher":{"@id":"https:\/\/pogo-mtech.com\/#organization"},"alternateName":"Pogo M-Tech - DKosilnice na daljinca","potentialAction":[{"@type":"SearchAction","target":{"@type":"EntryPoint","urlTemplate":"https:\/\/pogo-mtech.com\/?s={search_term_string}"},"query-input":{"@type":"PropertyValueSpecification","valueRequired":true,"valueName":"search_term_string"}}],"inLanguage":"hr"},{"@type":"Organization","@id":"https:\/\/pogo-mtech.com\/#organization","name":"POGO MTECH d.o.o.","alternateName":"POGO M-TECH d.o.o.","url":"https:\/\/pogo-mtech.com\/","logo":{"@type":"ImageObject","inLanguage":"hr","@id":"https:\/\/pogo-mtech.com\/#\/schema\/logo\/image\/","url":"https:\/\/pogo-mtech.com\/wp-content\/uploads\/2025\/02\/POGO-M-TECH-265-scaled.jpg","contentUrl":"https:\/\/pogo-mtech.com\/wp-content\/uploads\/2025\/02\/POGO-M-TECH-265-scaled.jpg","width":2560,"height":1920,"caption":"POGO MTECH d.o.o."},"image":{"@id":"https:\/\/pogo-mtech.com\/#\/schema\/logo\/image\/"},"sameAs":["https:\/\/www.facebook.com\/pogomtech\/","https:\/\/www.youtube.com\/@Pogo-mtech","https:\/\/www.instagram.com\/pogomtech\/"]}]}},"_links":{"self":[{"href":"https:\/\/pogo-mtech.com\/hr\/wp-json\/wp\/v2\/product\/1072","targetHints":{"allow":["GET"]}}],"collection":[{"href":"https:\/\/pogo-mtech.com\/hr\/wp-json\/wp\/v2\/product"}],"about":[{"href":"https:\/\/pogo-mtech.com\/hr\/wp-json\/wp\/v2\/types\/product"}],"wp:featuredmedia":[{"embeddable":true,"href":"https:\/\/pogo-mtech.com\/hr\/wp-json\/wp\/v2\/media\/909"}],"wp:attachment":[{"href":"https:\/\/pogo-mtech.com\/hr\/wp-json\/wp\/v2\/media?parent=1072"}],"wp:term":[{"taxonomy":"product_brand","embeddable":true,"href":"https:\/\/pogo-mtech.com\/hr\/wp-json\/wp\/v2\/product_brand?post=1072"},{"taxonomy":"product_cat","embeddable":true,"href":"https:\/\/pogo-mtech.com\/hr\/wp-json\/wp\/v2\/product_cat?post=1072"},{"taxonomy":"product_tag","embeddable":true,"href":"https:\/\/pogo-mtech.com\/hr\/wp-json\/wp\/v2\/product_tag?post=1072"}],"curies":[{"name":"wp","href":"https:\/\/api.w.org\/{rel}","templated":true}]}}