{"id":1145,"date":"2025-03-04T10:53:10","date_gmt":"2025-03-04T09:53:10","guid":{"rendered":"https:\/\/pogo-mtech.com\/?post_type=product&#038;p=1145"},"modified":"2026-04-17T10:05:14","modified_gmt":"2026-04-17T08:05:14","slug":"monster-80cm","status":"publish","type":"product","link":"https:\/\/pogo-mtech.com\/hr\/product\/monster-80cm\/","title":{"rendered":"POGO MTECH MONSTER 80 cm"},"content":{"rendered":"<p data-start=\"50\" data-end=\"356\"><strong>Pogo M-Tech MONSTER \u2013 specijalizirana daljinski upravljana mul\u010derska sjeka za gustu vegetaciju i zarasla podru\u010dja<\/strong><\/p>\n<p data-start=\"441\" data-end=\"834\">Ovaj model predstavlja novu generaciju daljinski upravljanih flail kosilica dizajniranih za ku\u0107nu i profesionalnu upotrebu gdje je potrebno u\u010dinkovito uklanjanje guste vegetacije. Njegova najve\u0107a snaga le\u017ei u <strong data-start=\"664\" data-end=\"726\">rezanje grana, grmlja, raslinja i zaraslih povr\u0161ina<\/strong>, \u0161to ga \u010dini idealnim izborom za <strong data-start=\"754\" data-end=\"831\">vo\u0107njaci, maslinici, vinogradi, rubovi \u0161uma ili neobra\u0111ena podru\u010dja<\/strong>.<\/p>\n<p data-start=\"836\" data-end=\"1144\">Vrsta no\u017eeva za kosilicu <em data-start=\"856\" data-end=\"865\">\u201cflail\u201d<\/em> (mali \u010deki\u0107i) rotiraju se velikom brzinom i udaraju o biljke, omogu\u0107uju\u0107i sna\u017ean udar i \u010dist rez \u010dak i kod tvrdokornih drvenastih izraslina. Ova metoda rezanja posebno je u\u010dinkovita za uklanjanje grmlja, raslinja i korova tamo gdje konvencionalni sustavi rezanja ne bi mogli podnijeti. Daljinsko upravljanje omogu\u0107uje sigurno rad na neravnom terenu, izme\u0111u stabala ili na rubovima \u0161ume gdje je manevriranje ograni\u010deno. Visina rezanja koja se mo\u017ee podesiti na daljinu osigurava optimalne rezultate i za grubo \u010di\u0161\u0107enje i za preciznije odr\u017eavanje povr\u0161ine.<\/p>\n<p data-start=\"1401\" data-end=\"1636\">MONSTER je izra\u0111en od visokokvalitetnih materijala, \u0161to osigurava dug vijek trajanja, visoku otpornost na habanje i niske tro\u0161kove odr\u017eavanja. Energetski je u\u010dinkovit i tih, pa tijekom rada ne ometa okolinu.<\/p>\n<p data-start=\"274\" data-end=\"485\"><em>Napomena: Imamo odgovaraju\u0107u ma\u0161inu za svaki teren. Ako imate strme padine ili brdovit teren, posavjetujte se s na\u0161im stru\u010dnim osobljem prije kupnje. Mo\u017eemo preporu\u010diti model Pogo M-Tech SKK, koji je posebno dizajniran za sigurno rad na padinama.<\/em><\/p>","protected":false},"excerpt":{"rendered":"<p>Ovaj model predstavlja novu generaciju daljinski upravljanih flail kosilica dizajniranih za ku\u0107nu i profesionalnu upotrebu gdje je potrebno u\u010dinkovito uklanjanje guste vegetacije. Njegova najve\u0107a snaga le\u017ei u <strong data-start=\"664\" data-end=\"726\">rezanje grana, grmlja, raslinja i zaraslih povr\u0161ina<\/strong>, \u0161to ga \u010dini idealnim izborom za <strong data-start=\"754\" data-end=\"831\">vo\u0107njaci, maslinici, vinogradi, rubovi \u0161uma ili neobra\u0111ena podru\u010dja<\/strong>.<\/p>","protected":false},"featured_media":1136,"template":"","meta":{"_themeisle_gutenberg_block_has_review":false},"product_brand":[41],"product_cat":[59,15],"product_tag":[49,50,51,52,43,47,46,45,44,42,48],"class_list":{"0":"post-1145","1":"product","2":"type-product","3":"status-publish","4":"has-post-thumbnail","6":"product_brand-pogo-m-tech","7":"product_cat-pogo-mtech","8":"product_cat-vsi","9":"product_tag-daljinska-kosilnica","10":"product_tag-daljinsko-vodena-kosilnica","11":"product_tag-kladivar","12":"product_tag-kladivar-na-daljinsko-upravljanje","13":"product_tag-kosilnica","14":"product_tag-kosilnica-za-hribe","15":"product_tag-kosilnica-za-teren","16":"product_tag-kosnja-sadovnjakov","17":"product_tag-kosnja-vinogradov","18":"product_tag-robotska-kosilnica","19":"product_tag-terenska-kosilnica","20":"product_shipping_class-pogo","22":"first","23":"instock","24":"sale","25":"shipping-taxable","26":"purchasable","27":"product-type-simple"},"yoast_head":"<!-- This site is optimized with the Yoast SEO plugin v27.4 - https:\/\/yoast.com\/product\/yoast-seo-wordpress\/ -->\n<title>POGO MTECH MONSTER 80cm | Pogo M-Tech - Robotske kosilnice na daljinsko upravljanje<\/title>\n<meta name=\"robots\" content=\"index, follow, max-snippet:-1, max-image-preview:large, max-video-preview:-1\" \/>\n<link rel=\"canonical\" href=\"https:\/\/pogo-mtech.com\/hr\/product\/monster-80cm\/\" \/>\n<meta property=\"og:locale\" content=\"hr_HR\" \/>\n<meta property=\"og:type\" content=\"article\" \/>\n<meta property=\"og:title\" content=\"POGO MTECH MONSTER 80cm | Pogo M-Tech - Robotske kosilnice na daljinsko upravljanje\" \/>\n<meta property=\"og:description\" content=\"Ta model predstavlja novo generacijo daljinsko vodenih mul\u010derjev kladivarjev, zasnovanih za doma\u010do in profesionalno uporabo, kjer je potrebno u\u010dinkovito odstranjevanje goste vegetacije. Njegova najve\u010dja mo\u010d je v sekljanju vejic, grmi\u010devja, podrasti in zara\u0161\u010denih obmo\u010dij, zato je idealna izbira za sadovnjake, olj\u010dne nasade, vinograde, gozdne obrobe ali neurejene povr\u0161ine.\" \/>\n<meta property=\"og:url\" content=\"https:\/\/pogo-mtech.com\/hr\/product\/monster-80cm\/\" \/>\n<meta property=\"og:site_name\" content=\"Pogo M-Tech - Robotske kosilnice na daljinsko upravljanje\" \/>\n<meta property=\"article:publisher\" content=\"https:\/\/www.facebook.com\/pogomtech\/\" \/>\n<meta property=\"article:modified_time\" content=\"2026-04-17T08:05:14+00:00\" \/>\n<meta property=\"og:image\" content=\"https:\/\/pogo-mtech.com\/wp-content\/uploads\/2025\/03\/2.png\" \/>\n\t<meta property=\"og:image:width\" content=\"1400\" \/>\n\t<meta property=\"og:image:height\" content=\"1400\" \/>\n\t<meta property=\"og:image:type\" content=\"image\/png\" \/>\n<meta name=\"twitter:card\" content=\"summary_large_image\" \/>\n<meta name=\"twitter:label1\" content=\"Procijenjeno vrijeme \u010ditanja\" \/>\n\t<meta name=\"twitter:data1\" content=\"2 minute\" \/>\n<script type=\"application\/ld+json\" class=\"yoast-schema-graph\">{\"@context\":\"https:\\\/\\\/schema.org\",\"@graph\":[{\"@type\":\"WebPage\",\"@id\":\"https:\\\/\\\/pogo-mtech.com\\\/product\\\/monster-80cm\\\/\",\"url\":\"https:\\\/\\\/pogo-mtech.com\\\/product\\\/monster-80cm\\\/\",\"name\":\"POGO MTECH MONSTER 80cm | Pogo M-Tech - Robotske kosilnice na daljinsko upravljanje\",\"isPartOf\":{\"@id\":\"https:\\\/\\\/pogo-mtech.com\\\/#website\"},\"primaryImageOfPage\":{\"@id\":\"https:\\\/\\\/pogo-mtech.com\\\/product\\\/monster-80cm\\\/#primaryimage\"},\"image\":{\"@id\":\"https:\\\/\\\/pogo-mtech.com\\\/product\\\/monster-80cm\\\/#primaryimage\"},\"thumbnailUrl\":\"https:\\\/\\\/pogo-mtech.com\\\/wp-content\\\/uploads\\\/2025\\\/03\\\/2.png\",\"datePublished\":\"2025-03-04T09:53:10+00:00\",\"dateModified\":\"2026-04-17T08:05:14+00:00\",\"breadcrumb\":{\"@id\":\"https:\\\/\\\/pogo-mtech.com\\\/product\\\/monster-80cm\\\/#breadcrumb\"},\"inLanguage\":\"hr\",\"potentialAction\":[{\"@type\":\"ReadAction\",\"target\":[\"https:\\\/\\\/pogo-mtech.com\\\/product\\\/monster-80cm\\\/\"]}]},{\"@type\":\"ImageObject\",\"inLanguage\":\"hr\",\"@id\":\"https:\\\/\\\/pogo-mtech.com\\\/product\\\/monster-80cm\\\/#primaryimage\",\"url\":\"https:\\\/\\\/pogo-mtech.com\\\/wp-content\\\/uploads\\\/2025\\\/03\\\/2.png\",\"contentUrl\":\"https:\\\/\\\/pogo-mtech.com\\\/wp-content\\\/uploads\\\/2025\\\/03\\\/2.png\",\"width\":1400,\"height\":1400},{\"@type\":\"BreadcrumbList\",\"@id\":\"https:\\\/\\\/pogo-mtech.com\\\/product\\\/monster-80cm\\\/#breadcrumb\",\"itemListElement\":[{\"@type\":\"ListItem\",\"position\":1,\"name\":\"Home\",\"item\":\"https:\\\/\\\/pogo-mtech.com\\\/\"},{\"@type\":\"ListItem\",\"position\":2,\"name\":\"ROBOTSKE KOSILNICE\",\"item\":\"https:\\\/\\\/pogo-mtech.com\\\/robotske-kosilnice\\\/\"},{\"@type\":\"ListItem\",\"position\":3,\"name\":\"POGO MTECH MONSTER 80cm\"}]},{\"@type\":\"WebSite\",\"@id\":\"https:\\\/\\\/pogo-mtech.com\\\/#website\",\"url\":\"https:\\\/\\\/pogo-mtech.com\\\/\",\"name\":\"Pogo M-Tech - Robotske kosilnice na daljinsko upravljanje\",\"description\":\"Revolucionarne daljinsko vodene kosilnice\",\"publisher\":{\"@id\":\"https:\\\/\\\/pogo-mtech.com\\\/#organization\"},\"alternateName\":\"Pogo M-Tech - DKosilnice na daljinca\",\"potentialAction\":[{\"@type\":\"SearchAction\",\"target\":{\"@type\":\"EntryPoint\",\"urlTemplate\":\"https:\\\/\\\/pogo-mtech.com\\\/?s={search_term_string}\"},\"query-input\":{\"@type\":\"PropertyValueSpecification\",\"valueRequired\":true,\"valueName\":\"search_term_string\"}}],\"inLanguage\":\"hr\"},{\"@type\":\"Organization\",\"@id\":\"https:\\\/\\\/pogo-mtech.com\\\/#organization\",\"name\":\"POGO MTECH d.o.o.\",\"alternateName\":\"POGO M-TECH d.o.o.\",\"url\":\"https:\\\/\\\/pogo-mtech.com\\\/\",\"logo\":{\"@type\":\"ImageObject\",\"inLanguage\":\"hr\",\"@id\":\"https:\\\/\\\/pogo-mtech.com\\\/#\\\/schema\\\/logo\\\/image\\\/\",\"url\":\"https:\\\/\\\/pogo-mtech.com\\\/wp-content\\\/uploads\\\/2025\\\/02\\\/POGO-M-TECH-265-scaled.jpg\",\"contentUrl\":\"https:\\\/\\\/pogo-mtech.com\\\/wp-content\\\/uploads\\\/2025\\\/02\\\/POGO-M-TECH-265-scaled.jpg\",\"width\":2560,\"height\":1920,\"caption\":\"POGO MTECH d.o.o.\"},\"image\":{\"@id\":\"https:\\\/\\\/pogo-mtech.com\\\/#\\\/schema\\\/logo\\\/image\\\/\"},\"sameAs\":[\"https:\\\/\\\/www.facebook.com\\\/pogomtech\\\/\",\"https:\\\/\\\/www.youtube.com\\\/@Pogo-mtech\",\"https:\\\/\\\/www.instagram.com\\\/pogomtech\\\/\"]}]}<\/script>\n<!-- \/ Yoast SEO plugin. -->","yoast_head_json":{"title":"POGO MTECH MONSTER 80cm | Pogo M-Tech - Robotske kosilnice na daljinsko upravljanje","robots":{"index":"index","follow":"follow","max-snippet":"max-snippet:-1","max-image-preview":"max-image-preview:large","max-video-preview":"max-video-preview:-1"},"canonical":"https:\/\/pogo-mtech.com\/hr\/product\/monster-80cm\/","og_locale":"hr_HR","og_type":"article","og_title":"POGO MTECH MONSTER 80cm | Pogo M-Tech - Robotske kosilnice na daljinsko upravljanje","og_description":"Ta model predstavlja novo generacijo daljinsko vodenih mul\u010derjev kladivarjev, zasnovanih za doma\u010do in profesionalno uporabo, kjer je potrebno u\u010dinkovito odstranjevanje goste vegetacije. Njegova najve\u010dja mo\u010d je v sekljanju vejic, grmi\u010devja, podrasti in zara\u0161\u010denih obmo\u010dij, zato je idealna izbira za sadovnjake, olj\u010dne nasade, vinograde, gozdne obrobe ali neurejene povr\u0161ine.","og_url":"https:\/\/pogo-mtech.com\/hr\/product\/monster-80cm\/","og_site_name":"Pogo M-Tech - Robotske kosilnice na daljinsko upravljanje","article_publisher":"https:\/\/www.facebook.com\/pogomtech\/","article_modified_time":"2026-04-17T08:05:14+00:00","og_image":[{"width":1400,"height":1400,"url":"https:\/\/pogo-mtech.com\/wp-content\/uploads\/2025\/03\/2.png","type":"image\/png"}],"twitter_card":"summary_large_image","twitter_misc":{"Procijenjeno vrijeme \u010ditanja":"2 minute"},"schema":{"@context":"https:\/\/schema.org","@graph":[{"@type":"WebPage","@id":"https:\/\/pogo-mtech.com\/product\/monster-80cm\/","url":"https:\/\/pogo-mtech.com\/product\/monster-80cm\/","name":"POGO MTECH MONSTER 80cm | Pogo M-Tech - Robotske kosilnice na daljinsko upravljanje","isPartOf":{"@id":"https:\/\/pogo-mtech.com\/#website"},"primaryImageOfPage":{"@id":"https:\/\/pogo-mtech.com\/product\/monster-80cm\/#primaryimage"},"image":{"@id":"https:\/\/pogo-mtech.com\/product\/monster-80cm\/#primaryimage"},"thumbnailUrl":"https:\/\/pogo-mtech.com\/wp-content\/uploads\/2025\/03\/2.png","datePublished":"2025-03-04T09:53:10+00:00","dateModified":"2026-04-17T08:05:14+00:00","breadcrumb":{"@id":"https:\/\/pogo-mtech.com\/product\/monster-80cm\/#breadcrumb"},"inLanguage":"hr","potentialAction":[{"@type":"ReadAction","target":["https:\/\/pogo-mtech.com\/product\/monster-80cm\/"]}]},{"@type":"ImageObject","inLanguage":"hr","@id":"https:\/\/pogo-mtech.com\/product\/monster-80cm\/#primaryimage","url":"https:\/\/pogo-mtech.com\/wp-content\/uploads\/2025\/03\/2.png","contentUrl":"https:\/\/pogo-mtech.com\/wp-content\/uploads\/2025\/03\/2.png","width":1400,"height":1400},{"@type":"BreadcrumbList","@id":"https:\/\/pogo-mtech.com\/product\/monster-80cm\/#breadcrumb","itemListElement":[{"@type":"ListItem","position":1,"name":"Home","item":"https:\/\/pogo-mtech.com\/"},{"@type":"ListItem","position":2,"name":"ROBOTSKE KOSILNICE","item":"https:\/\/pogo-mtech.com\/robotske-kosilnice\/"},{"@type":"ListItem","position":3,"name":"POGO MTECH MONSTER 80cm"}]},{"@type":"WebSite","@id":"https:\/\/pogo-mtech.com\/#website","url":"https:\/\/pogo-mtech.com\/","name":"Pogo M-Tech - Daljinski upravljani robotski kosilice","description":"Revolucionarne daljinski upravljane kosilice","publisher":{"@id":"https:\/\/pogo-mtech.com\/#organization"},"alternateName":"Pogo M-Tech - DKosilnice na daljinca","potentialAction":[{"@type":"SearchAction","target":{"@type":"EntryPoint","urlTemplate":"https:\/\/pogo-mtech.com\/?s={search_term_string}"},"query-input":{"@type":"PropertyValueSpecification","valueRequired":true,"valueName":"search_term_string"}}],"inLanguage":"hr"},{"@type":"Organization","@id":"https:\/\/pogo-mtech.com\/#organization","name":"POGO MTECH d.o.o.","alternateName":"POGO M-TECH d.o.o.","url":"https:\/\/pogo-mtech.com\/","logo":{"@type":"ImageObject","inLanguage":"hr","@id":"https:\/\/pogo-mtech.com\/#\/schema\/logo\/image\/","url":"https:\/\/pogo-mtech.com\/wp-content\/uploads\/2025\/02\/POGO-M-TECH-265-scaled.jpg","contentUrl":"https:\/\/pogo-mtech.com\/wp-content\/uploads\/2025\/02\/POGO-M-TECH-265-scaled.jpg","width":2560,"height":1920,"caption":"POGO MTECH d.o.o."},"image":{"@id":"https:\/\/pogo-mtech.com\/#\/schema\/logo\/image\/"},"sameAs":["https:\/\/www.facebook.com\/pogomtech\/","https:\/\/www.youtube.com\/@Pogo-mtech","https:\/\/www.instagram.com\/pogomtech\/"]}]}},"_links":{"self":[{"href":"https:\/\/pogo-mtech.com\/hr\/wp-json\/wp\/v2\/product\/1145","targetHints":{"allow":["GET"]}}],"collection":[{"href":"https:\/\/pogo-mtech.com\/hr\/wp-json\/wp\/v2\/product"}],"about":[{"href":"https:\/\/pogo-mtech.com\/hr\/wp-json\/wp\/v2\/types\/product"}],"wp:featuredmedia":[{"embeddable":true,"href":"https:\/\/pogo-mtech.com\/hr\/wp-json\/wp\/v2\/media\/1136"}],"wp:attachment":[{"href":"https:\/\/pogo-mtech.com\/hr\/wp-json\/wp\/v2\/media?parent=1145"}],"wp:term":[{"taxonomy":"product_brand","embeddable":true,"href":"https:\/\/pogo-mtech.com\/hr\/wp-json\/wp\/v2\/product_brand?post=1145"},{"taxonomy":"product_cat","embeddable":true,"href":"https:\/\/pogo-mtech.com\/hr\/wp-json\/wp\/v2\/product_cat?post=1145"},{"taxonomy":"product_tag","embeddable":true,"href":"https:\/\/pogo-mtech.com\/hr\/wp-json\/wp\/v2\/product_tag?post=1145"}],"curies":[{"name":"wp","href":"https:\/\/api.w.org\/{rel}","templated":true}]}}